{"id":13803,"date":"2025-01-24T14:55:11","date_gmt":"2025-01-24T14:55:11","guid":{"rendered":"https:\/\/steinex.gtechgroup.support\/dichiarazione-sulla-privacy-ue\/"},"modified":"2025-01-24T14:55:11","modified_gmt":"2025-01-24T14:55:11","slug":"eu-datenschutzerklarung","status":"publish","type":"page","link":"https:\/\/steinex.com\/de\/dichiarazione-sulla-privacy-ue\/","title":{"rendered":"Erkl\u00e4rung zum Datenschutz (EU)"},"content":{"rendered":"<!-- Legal document generated by Complianz | GDPR\/CCPA Cookie Consent https:\/\/wordpress.org\/plugins\/complianz-gdpr -->\n<div id=\"cmplz-document\" class=\"cmplz-document privacy-statement cmplz-document-eu\"><p><i>Diese Datenschutzerkl\u00e4rung wurde zuletzt am 24 Januar 2026 aktualisiert und gilt f\u00fcr B\u00fcrger und Personen mit st\u00e4ndigem Wohnsitz im Europ\u00e4ischen Wirtschaftsraum und der Schweiz.<\/i><br \/><br \/><\/p><p><p>In dieser Datenschutzerkl\u00e4rung erkl\u00e4ren wir, was wir mit den Daten, die wir \u00fcber dich via <a href=\"https:\/\/steinex.com\/de\">https:\/\/steinex.com\/de<\/a> gesammelt haben, tun. Wir empfehlen Ihnen, dieses Dokument sorgf\u00e4ltig zu lesen. W\u00e4hrend unserer Verarbeitung entsprechen wir den gesetzlichen Anforderungen. Dies bedeutet unter anderem:<\/p><ul>\n                <li>Wir geben klar die Zwecke f\u00fcr die wir pers\u00f6nliche Daten verarbeiten, an. Dies geschieht durch diese Datenschutzerkl\u00e4rung.<\/li>\n                <li>Wir zielen darauf ab, unsere Sammlung von pers\u00f6nlichen Daten auf jene pers\u00f6nlichen Daten zu beschr\u00e4nken, die aus legitimen Gr\u00fcnden ben\u00f6tigt werden.<\/li>\n                <li>Wir werden zun\u00e4chst dein explizites Einverst\u00e4ndnis einholen, wenn dies notwendig sein sollte, um deine pers\u00f6nlichen Daten zu verarbeiten.<\/li>\n                <li>Wir unternehmen angemessene Sicherheitsma\u00dfnahmen um deine pers\u00f6nlichen Daten zu sch\u00fctzen und verlangen dies ebenso von Parteien, die pers\u00f6nliche Daten in unserem Auftrag verarbeiten.<\/li>\n                <li>Wir respektieren Ihr Recht auf Einsichtnahme, Berichtigung oder L\u00f6schung Ihrer personenbezogenen Daten.<\/li>\n            <\/ul><p>Wenn du Fragen hast oder wissen m\u00f6chtest, welche pers\u00f6nlichen Daten wir \u00fcber dich haben, kontaktiere uns bitte.<\/p><\/p><h2>1. Zweck, Daten und Aufbewahrungsfrist<\/h2>Wir k\u00f6nnen personenbezogene Daten f\u00fcr eine Reihe von Zwecken im Zusammenhang mit unserer Gesch\u00e4ftst\u00e4tigkeit sammeln oder erhalten, darunter die folgenden: (zum Vergr\u00f6\u00dfern anklicken)<details class=\"cmplz-dropdown dropdown-privacy-statement\"><summary><div><h3>1.1 Registrierung eines Kontos<\/h3><\/div><\/summary><p class=\"cmplz-subtitle\">Zu diesem Zweck verwenden wir die folgenden Daten:<\/p><p><ul><li>Ein Vor- und Nachname<\/li><li>Eine E-Mail-Adresse<\/li><li>Eine Telefonnummer<\/li><\/ul><\/p><p class=\"cmplz-subtitle\">Die Grundlage, auf der wir diese Daten verarbeiten k\u00f6nnen, ist:<\/p><p><a target=\"_blank\" rel=\"noopener noreferrer nofollow\" href=\"https:\/\/cookiedatabase.org\/legal-bases\/#consent\">Nach Erteilung der Zustimmung.<\/a><\/p><p class=\"cmplz-subtitle\">Bewahrungsfrist<\/p><p>Wir speichern diese Daten bei Beendigung des Dienstes f\u00fcr die folgenden Monate: 48<\/p><\/details><details class=\"cmplz-dropdown dropdown-privacy-statement\"><summary><div><h3>1.2 Rundschreiben<\/h3><\/div><\/summary><p class=\"cmplz-subtitle\">Zu diesem Zweck verwenden wir die folgenden Daten:<\/p><p><ul><li>Ein Vor- und Nachname<\/li><li>Eine E-Mail-Adresse<\/li><li>Eine Telefonnummer<\/li><\/ul><\/p><p class=\"cmplz-subtitle\">Die Grundlage, auf der wir diese Daten verarbeiten k\u00f6nnen, ist:<\/p><p><a target=\"_blank\" rel=\"noopener noreferrer nofollow\" href=\"https:\/\/cookiedatabase.org\/legal-bases\/#consent\">Nach Erteilung der Zustimmung.<\/a><\/p><p class=\"cmplz-subtitle\">Bewahrungsfrist<\/p><p>Wir speichern diese Daten bei Beendigung des Dienstes f\u00fcr die folgenden Monate: 48<\/p><\/details><details class=\"cmplz-dropdown dropdown-privacy-statement\"><summary><div><h3>1.3 Kontakt - per Telefon, Post, E-Mail und\/oder Webformate<\/h3><\/div><\/summary><p class=\"cmplz-subtitle\">Zu diesem Zweck verwenden wir die folgenden Daten:<\/p><p><ul><li>Ein Vor- und Nachname<\/li><li>Eine E-Mail-Adresse<\/li><li>Eine Telefonnummer<\/li><\/ul><\/p><p class=\"cmplz-subtitle\">Die Grundlage, auf der wir diese Daten verarbeiten k\u00f6nnen, ist:<\/p><p><a target=\"_blank\" rel=\"noopener noreferrer nofollow\" href=\"https:\/\/cookiedatabase.org\/legal-bases\/#consent\">Nach Erteilung der Zustimmung.<\/a><\/p><p class=\"cmplz-subtitle\">Bewahrungsfrist<\/p><p>Wir speichern diese Daten bei Beendigung des Dienstes f\u00fcr die folgenden Monate: 48<\/p><\/details><h2>2. Cookies<\/h2><p>Unsere Website verwendet Cookies. F\u00fcr mehr Informationen \u00fcber Cookies schaue bitte unter unseren <a href=\"https:\/\/steinex.com\/de\/cookie-policy-ue\/\">Cookie-Richtlinien<\/a> nach.&nbsp;<\/p><h2>3. Offenlegungspraktiken<\/h2><p><p>Wir legen personenbezogene Daten offen, wenn wir gesetzlich oder per Gerichtsbeschluss dazu verpflichtet sind, z. B. auf Anforderung einer Strafverfolgungsbeh\u00f6rde, soweit dies im Rahmen der gesetzlichen Bestimmungen zul\u00e4ssig ist, um Ausk\u00fcnfte zu erteilen, oder f\u00fcr eine Untersuchung in einer Angelegenheit, die die \u00f6ffentliche Sicherheit betrifft.<\/p><p>Wenn unsere Website oder unser Unternehmen im Rahmen einer Fusion oder \u00dcbernahme \u00fcbernommen oder verkauft wird, k\u00f6nnen deine Daten unseren Beratern und potenziellen K\u00e4ufern offengelegt und an die neuen Eigent\u00fcmer \u00fcbermittelt werden.<\/p><\/p><p>Wir verf\u00fcgen \u00fcber eine Datenverarbeitungsvereinbarung mit Google.<\/p><p>Google darf die Daten nicht f\u00fcr andere Google-Dienste verwenden.<\/p><p>Die Einbeziehung der vollst\u00e4ndigen IP-Adresse ist von uns blockiert.<\/p><h2>4. Sicherheit<\/h2><p>Wir sind der Sicherheit pers\u00f6nlicher Daten verpflichtet. Wir unternehmen angemessene Sicherheitsma\u00dfnahmen um Missbrauch von und unauthorisierten Zugriff auf pers\u00f6nliche Daten zu begrenzen. Dies stellt sicher, dass nur notwendige Personen Zugriff auf deine Daten erhalten, dieser Zugriff gesch\u00fctzt ist und dass unsere Sicherheitsma\u00dfnahmen regelm\u00e4\u00dfig gepr\u00fcft werden.<\/p><p>Die von uns verwendeten Sicherheitsma\u00dfnahmen umfassen:<\/p><p><ul><li>Login-Sicherheit<\/li><li>DKIM, SPF, DMARC und andere spezifische DNS-Einstellungen<\/li><li>(START)TLS\/SSL\/DANE-Verschl\u00fcsselung<\/li><li>Website-H\u00e4rtung\/Sicherheitsfunktionen<\/li><li>HTTP Strict Transport Security und zugeh\u00f6rige Sicherheits-Header und Browser-Richtlinien<\/li><\/ul><\/p><h2>5. Websites von Drittanbietern<\/h2><p>Diese Datenschutzerkl\u00e4rung gilt nicht f\u00fcr Websites von Drittparteien, die durch Links auf unserer Website verbunden sind. Wir k\u00f6nnen nicht garantieren, dass diese Drittanbieter Ihre pers\u00f6nlichen Daten in verl\u00e4sslicher oder sicherer Weise behandeln. Wir empfehlen dir die Datenschutzerkl\u00e4rungen dieser Websites vor deren Nutzung zu lesen.<\/p><h2>6. Erg\u00e4nzungen zu dieser Datenschutzerkl\u00e4rung<\/h2><p>Wir behalten uns das Recht vor, \u00c4nderungen an dieser Datenschutzerkl\u00e4rung vorzunehmen. Es wird empfohlen, diese Datenschutzerkl\u00e4rung regelm\u00e4\u00dfig zu lesen, um sich \u00fcber \u00c4nderungen zu informieren. Dar\u00fcber hinaus informieren wir Sie wo immer m\u00f6glich.<\/p><h2>7. Zugriff und Bearbeitung deiner Daten<\/h2><p>Wenn du Fragen hast oder wissen m\u00f6chtest, welche pers\u00f6nlichen Daten wir \u00fcber dich haben, kontaktiere uns bitte. Du kannst uns mittels der unten stehenden Informationen erreichen. Du hast die folgenden Rechte:<\/p><ul>\n                <li>Du hast das Recht zu wissen, warum deine pers\u00f6nlichen Daten gebraucht werden, was mit ihnen passiert und wie lange diese verwahrt werden.<\/li>\n                <li>Zugriffsrecht: Du hast das Recht deine uns bekannten pers\u00f6nlichen Daten einzusehen.<\/li>\n                <li>Recht auf Berichtigung: Du hast das Recht wann immer du w\u00fcnscht, deine pers\u00f6nlichen Daten zu erg\u00e4nzen, zu korrigieren sowie gel\u00f6scht oder blockiert zu bekommen.<\/li>\n                <li>Wenn du uns dein Einverst\u00e4ndnis zur Verarbeitung deiner Daten gegeben hast, hast du das Recht dieses Einverst\u00e4ndnis zu widerrufen und deine pers\u00f6nlichen Daten l\u00f6schen zu lassen.<\/li>\n                <li>Recht auf Datentransfer deiner Daten: Du hast das Recht, alle deine pers\u00f6nlichen Daten von einem Verantwortlichen anzufordern und in ihrer Gesamtheit zu einem anderen Verantwortlichen zu transferieren.<\/li>\n                <li>Widerspruchsrecht: Du kannst der Verarbeitung deiner Daten widersprechen. Wir entsprechen dem, es sei denn, es gibt berechtigte Gr\u00fcnde f\u00fcr die Verarbeitung.<\/li>\n            <\/ul><p>Bitte stelle sicher, dass du immer klar siehst, wer du bist, sodass wir sicher sein k\u00f6nnen, nicht die Daten der falschen Person zu bearbeiten oder zu l\u00f6schen.<\/p><h2>8. Eine Beschwerde \u00fcbermitteln<\/h2><p>Wenn du nicht zufrieden mit der Art und Weise bist, in der wir (deine Beschwerde) die Verarbeitung deiner pers\u00f6nlichen Daten handhaben, hast du das Recht eine Beschwerde an die Datenschutzbeh\u00f6rde zu richten.<\/p><h2>9. Kontaktdaten<\/h2><p>Steinex S.R.L.<br \/>\n        Ortschaft Sille, 24\/26 - 38045 Civezzano (TN)<br \/>\n        Italien<br \/>\n        Website: <a href=\"https:\/\/steinex.com\/de\">https:\/\/steinex.com\/de<\/a> <br \/>\n        E-Mail: <span class=\"cmplz-obfuscate\">&#105;n&#102;o@<span class=\"cmplz-fmail-domain\">e&#120;.c&#111;m<\/span>&#115;tein&#101;x.co&#109;<\/span> <br \/>\n        Telefonnummer: +39 0461710500<\/p><h2>10. Datenanfrage<\/h2><p>F\u00fcr die am h\u00e4ufigsten gestellten Anfragen bieten wir auch die M\u00f6glichkeit, unser Datenanfrageformular zu nutzen<br \/>\t\t\t<div class=\"cmplz-datarequest cmplz-alert\">\n\t\t\t\t<span class=\"cmplz-close\">\u00d7<\/span>\n\t\t\t\t<span id=\"cmplz-message\"><\/span>\n\t\t\t<\/div>\n\t\t\t<form id=\"cmplz-datarequest-form\" action=\"\">\n\t\t\t\t<input type=\"hidden\" required value=\"eu\" name=\"cmplz_datarequest_region\" id=\"cmplz_datarequest_region\">\n\n\t\t\t\t<label for=\"cmplz_datarequest_firstname\" class=\"cmplz-first-name\">Name\t\t\t\t\t<input type=\"search\" class=\"datarequest-firstname\" value=\"\" placeholder=\"Ihr Vorname\" id=\"cmplz_datarequest_firstname\" name=\"cmplz_datarequest_firstname\">\n\t\t\t\t<\/label>\n\t\t\t\t<div>\n\t\t\t\t\t<label for=\"cmplz_datarequest_name\">Name<\/label>\n\t\t\t\t\t<input type=\"text\" required value=\"\" placeholder=\"Dein Name\" id=\"cmplz_datarequest_name\" name=\"cmplz_datarequest_name\">\n\t\t\t\t<\/div>\n\t\t\t\t<div>\n\t\t\t\t\t<label for=\"cmplz_datarequest_email\">E-Mail<\/label>\n\t\t\t\t\t<input type=\"email\" required value=\"\" placeholder=\"email@email.com\" id=\"cmplz_datarequest_email\" name=\"cmplz_datarequest_email\">\n\t\t\t\t<\/div>\n\t\t\t\t\t\t\t\t\t\t<div class=\"cmplz_datarequest cmplz_datarequest_request_for_access\">\n\t\t\t\t\t\t\t<label for=\"cmplz_datarequest_request_for_access\">\n\t\t\t\t\t\t\t\t<input type=\"checkbox\" value=\"1\" name=\"cmplz_datarequest_request_for_access\" id=\"cmplz_datarequest_request_for_access\" \/>\n\t\t\t\t\t\t\t\tStelle einen Antrag auf Zugang zu den Daten, die wir \u00fcber dich verarbeiten.\t\t\t\t\t\t\t<\/label>\n\t\t\t\t\t\t<\/div>\n\t\t\t\t\t\t\t\t\t\t<div class=\"cmplz_datarequest cmplz_datarequest_right_to_be_forgotten\">\n\t\t\t\t\t\t\t<label for=\"cmplz_datarequest_right_to_be_forgotten\">\n\t\t\t\t\t\t\t\t<input type=\"checkbox\" value=\"1\" name=\"cmplz_datarequest_right_to_be_forgotten\" id=\"cmplz_datarequest_right_to_be_forgotten\" \/>\n\t\t\t\t\t\t\t\tStelle einen Antrag auf L\u00f6schung der Daten, wenn sie nicht mehr relevant sind.\t\t\t\t\t\t\t<\/label>\n\t\t\t\t\t\t<\/div>\n\t\t\t\t\t\t\t\t\t\t<div class=\"cmplz_datarequest cmplz_datarequest_right_to_data_portability\">\n\t\t\t\t\t\t\t<label for=\"cmplz_datarequest_right_to_data_portability\">\n\t\t\t\t\t\t\t\t<input type=\"checkbox\" value=\"1\" name=\"cmplz_datarequest_right_to_data_portability\" id=\"cmplz_datarequest_right_to_data_portability\" \/>\n\t\t\t\t\t\t\t\tStelle einen Antrag auf eine Exportdatei der Daten, die wir \u00fcber dich verarbeiten.\t\t\t\t\t\t\t<\/label>\n\t\t\t\t\t\t<\/div>\n\t\t\t\t\t\t\t\t<input type=\"button\" id=\"cmplz-datarequest-submit\" value=\"Senden\">\n\t\t\t<input type=\"hidden\" name=\"trp-form-language\" value=\"de\"\/><\/form>\n\n\t\t\t<style>\n\t\t\t\t\/* first-name is honeypot *\/\n\t\t\t\t.cmplz-first-name {\n\t\t\t\t\tposition: absolute !important;\n\t\t\t\t\tleft: -5000px !important;\n\t\t\t\t}\n\t\t\t<\/style>\n\t\t\t<\/p><h2>Anhang<\/h2><p><h2>WooCommerce<\/h2><p>Diese Mustersprache enth\u00e4lt die grundlegenden Elemente zur Erhebung, Speicherung und Weitergabe personenbezogener Daten sowie dazu, wer zum Zugriff auf diese Daten berechtigt ist. Je nach den aktivierten Einstellungen und den zus\u00e4tzlich verwendeten Plugins k\u00f6nnen die spezifischen Informationen, die von unserem Shop weitergegeben werden, variieren. Wir empfehlen Ihnen, einen Anwalt zu konsultieren, wenn Sie entscheiden, welche Informationen Sie in Ihrer Datenschutzrichtlinie offenlegen wollen.<\/p><p>W\u00e4hrend des Bezahlvorgangs in unserem Shop sammeln wir Informationen \u00fcber Sie.<\/p><h2>Was wir sammeln und speichern<\/h2><p>Wenn Sie unsere Website besuchen, verfolgen wir das:<\/p><ul><li>Produkte, die Sie angesehen haben: Wir verwenden diese Informationen, um Ihnen zum Beispiel Produkte anzuzeigen, die Sie k\u00fcrzlich angesehen haben.<\/li><li>Standort, IP-Adresse und Browsertyp: Wir verwenden diese Informationen f\u00fcr Steuer- und Versandsch\u00e4tzungen.<\/li><li>Lieferadresse: Wir werden Sie bitten, diese einzugeben, um z. B. vor Ihrer Bestellung die Versandkosten zu sch\u00e4tzen und Ihnen das Gekaufte zuzusenden!<\/li><\/ul><p>Wir verwenden Cookies auch, um den Inhalt Ihres Warenkorbs zu verfolgen, w\u00e4hrend Sie auf unserer Website surfen.<\/p><p>Hinweis: F\u00fcr weitere Einzelheiten zur Cookie-Politik werden Sie hier weitergeleitet.<\/p><p>Wenn Sie bei uns etwas kaufen, bitten wir Sie um Informationen wie Ihren Namen, Ihre Rechnungsadresse, Ihre Lieferadresse, Ihre E-Mail-Adresse, Ihre Telefonnummer, Ihre Kreditkartennummer\/Zahlungsdaten und optionale Kontoinformationen wie Ihren Benutzernamen und Ihr Passwort. Wir werden diese Informationen f\u00fcr folgende Zwecke verwenden:<\/p><ul><li>Wir senden Ihnen Konto- und Bestellinformationen<\/li><li>Wir reagieren auf Ihre Anfragen, einschlie\u00dflich Beschwerden und Erstattungen<\/li><li>Zahlungsabwicklung und Betrugspr\u00e4vention<\/li><li>Richten Sie Ihr Konto f\u00fcr unseren Shop ein<\/li><li>alle uns obliegenden gesetzlichen Verpflichtungen, wie z.B. die Berechnung von Steuern, einzuhalten<\/li><li>Verbessern Sie unser Shop-Angebot<\/li><li>Versendung von Marketingnachrichten, wenn Sie diese erhalten m\u00f6chten<\/li><\/ul><p>Wenn Sie ein Konto anlegen, speichern wir Ihren Namen, Ihre Adresse, Ihre E-Mail-Adresse und Ihre Telefonnummer: Diese Daten werden dann verwendet, um die Kasse bei Ihren zuk\u00fcnftigen Bestellungen zu f\u00fcllen.<\/p><p>Im Allgemeinen bewahren wir Ihre Daten so lange auf, wie wir sie f\u00fcr die Zwecke, f\u00fcr die wir sie erfassen und verwenden, ben\u00f6tigen, und so lange, wie wir gesetzlich verpflichtet sind, sie aufzubewahren. Zum Beispiel speichern wir Bestellinformationen f\u00fcr XXX Jahre f\u00fcr Steuer- und Buchhaltungszwecke. Zu diesen Daten geh\u00f6ren Name, E-Mail-Adresse sowie Rechnungs- und Lieferadresse.<\/p><p>Wir archivieren auch Kommentare und Bewertungen, wenn Sie uns diese \u00fcberlassen m\u00f6chten.<\/p><h2>Personen in unserem Team, die Zugang haben<\/h2><p>Unsere Teammitglieder haben Zugriff auf die von Ihnen bereitgestellten Informationen. Zum Beispiel haben sowohl Administratoren als auch Shop Manager Zugang zu:<\/p><ul><li>Bestellinformationen wie gekaufter Artikel, Kaufdatum und Versandort und<\/li><li>Kundeninformationen wie Ihr Name, Ihre E-Mail-Adresse sowie Rechnungs- und Versandinformationen.<\/li><\/ul><p>Unsere Teammitglieder haben Zugang zu diesen Informationen, um Bestellungen auszuf\u00fchren, R\u00fcckerstattungen zu bearbeiten und Sie zu unterst\u00fctzen.<\/p><h2>Was wir mit anderen teilen<\/h2><p>In diesem Abschnitt m\u00fcssen Sie angeben, mit wem Sie Daten austauschen und zu welchem Zweck. Dies kann unter anderem Analytik, Marketing, Zahlungsgateways, Versandanbieter und die Einbindung von Drittanbietern umfassen.<\/p><p>Wir geben Informationen an Dritte weiter, die uns bei der Bereitstellung von Shop-Diensten und bei Bestellungen helfen; zum Beispiel --<\/p><h3>Zahlungen<\/h3><p>In diesem Unterabschnitt m\u00fcssen Sie die Drittanbieter auflisten, die Sie f\u00fcr Zahlungen in Ihrem Shop verwenden, da diese m\u00f6glicherweise Kundendaten verarbeiten. Wir haben PayPal als Beispiel aufgenommen, aber wenn Sie PayPal nicht verwenden, k\u00f6nnen Sie es entfernen.<\/p><p>Wir akzeptieren Zahlungen \u00fcber PayPal. W\u00e4hrend der Zahlungsabwicklung werden bestimmte Daten an PayPal \u00fcbertragen, einschlie\u00dflich Informationen, die f\u00fcr die Bearbeitung oder Unterst\u00fctzung der Zahlung erforderlich sind, wie z. B. Gesamtkauf- und Rechnungsdaten.<\/p><p>Weitere Einzelheiten finden Sie in der <a href=\"https:\/\/www.paypal.com\/us\/webapps\/mpp\/ua\/privacy-full\">PayPal-Datenschutzbestimmungen <\/a>.<\/p><h2>Complianz | Die Datenschutz-Suite f\u00fcr WordPress<\/h2><p>Diese Website verwendet die WordPress Privacy Suite von Complianz, um Ihre Zustimmung auf der Grundlage von Browsern und Ger\u00e4ten zu sammeln und aufzuzeichnen. F\u00fcr diese Funktion wird Ihre IP-Adresse anonymisiert und in unserer Datenbank gespeichert. Dieser Dienst verarbeitet keine pers\u00f6nlich identifizierbaren Informationen und gibt keine Daten an den Dienstanbieter weiter. Weitere Informationen finden Sie in der <a href=\"https:\/\/complianz.io\/legal\/privacy-statement\/\">Erkl\u00e4rung zum Datenschutz<\/a> von Complianz.<\/p><\/p><\/div>","protected":false},"excerpt":{"rendered":"","protected":false},"author":1,"featured_media":0,"parent":0,"menu_order":0,"comment_status":"closed","ping_status":"closed","template":"","meta":{"_seopress_robots_primary_cat":"","_seopress_titles_title":"Dichiarazione sulla Privacy UE: Tutela e Trasparenza","_seopress_titles_desc":"Scopri la nostra dichiarazione sulla privacy UE: trasparenza, protezione e sicurezza dei tuoi dati personali online.","_seopress_robots_index":"","footnotes":""},"class_list":["post-13803","page","type-page","status-publish","hentry"],"_links":{"self":[{"href":"https:\/\/steinex.com\/de\/wp-json\/wp\/v2\/pages\/13803","targetHints":{"allow":["GET"]}}],"collection":[{"href":"https:\/\/steinex.com\/de\/wp-json\/wp\/v2\/pages"}],"about":[{"href":"https:\/\/steinex.com\/de\/wp-json\/wp\/v2\/types\/page"}],"author":[{"embeddable":true,"href":"https:\/\/steinex.com\/de\/wp-json\/wp\/v2\/users\/1"}],"replies":[{"embeddable":true,"href":"https:\/\/steinex.com\/de\/wp-json\/wp\/v2\/comments?post=13803"}],"version-history":[{"count":0,"href":"https:\/\/steinex.com\/de\/wp-json\/wp\/v2\/pages\/13803\/revisions"}],"wp:attachment":[{"href":"https:\/\/steinex.com\/de\/wp-json\/wp\/v2\/media?parent=13803"}],"curies":[{"name":"wp","href":"https:\/\/api.w.org\/{rel}","templated":true}]}}