{"id":14290,"date":"2025-02-11T14:37:49","date_gmt":"2025-02-11T14:37:49","guid":{"rendered":"https:\/\/steinex.gtechgroup.support\/?page_id=14290"},"modified":"2025-02-11T17:06:54","modified_gmt":"2025-02-11T17:06:54","slug":"nachrichten","status":"publish","type":"page","link":"https:\/\/steinex.com\/de\/news\/","title":{"rendered":"Nachrichten"},"content":{"rendered":"<div data-elementor-type=\"wp-page\" data-elementor-id=\"14290\" class=\"elementor elementor-14290\" data-elementor-post-type=\"page\">\n\t\t\t\t<div class=\"elementor-element elementor-element-a7ba569 e-flex e-con-boxed e-con e-parent\" data-id=\"a7ba569\" data-element_type=\"container\" data-e-type=\"container\" data-settings=\"{&quot;background_background&quot;:&quot;classic&quot;}\">\n\t\t\t\t\t<div class=\"e-con-inner\">\n\t\t<div class=\"elementor-element elementor-element-dc78407 e-con-full e-flex e-con e-child\" data-id=\"dc78407\" data-element_type=\"container\" data-e-type=\"container\" data-settings=\"{&quot;background_background&quot;:&quot;classic&quot;}\">\n\t\t\t\t<div class=\"elementor-element elementor-element-33676a9 elementor-widget elementor-widget-heading\" data-id=\"33676a9\" data-element_type=\"widget\" data-e-type=\"widget\" data-widget_type=\"heading.default\">\n\t\t\t\t\t<h2 class=\"elementor-heading-title elementor-size-default\">Nachrichten<\/h2>\t\t\t\t<\/div>\n\t\t\t\t<div class=\"elementor-element elementor-element-b55b64b elementor-widget elementor-widget-hfe-breadcrumbs-widget\" data-id=\"b55b64b\" data-element_type=\"widget\" data-e-type=\"widget\" data-widget_type=\"hfe-breadcrumbs-widget.default\">\n\t\t\t\t<div class=\"elementor-widget-container\">\n\t\t\t\t\t<nav aria-label=\"Brotkr\u00fcmel\"><ul class=\"hfe-breadcrumbs hfe-breadcrumbs-show-home\"><li class=\"hfe-breadcrumbs-item hfe-breadcrumbs-first\"><span class=\"hfe-breadcrumbs-home-icon\"><\/span><a href=\"https:\/\/steinex.com\/de\"><span class=\"hfe-breadcrumbs-text\">Startseite<\/span><\/a><\/li><\/ul><\/nav>\t\t\t\t<\/div>\n\t\t\t\t<\/div>\n\t\t\t\t<\/div>\n\t\t\t\t\t<\/div>\n\t\t\t\t<\/div>\n\t\t<div class=\"elementor-element elementor-element-c7cda57 e-flex e-con-boxed e-con e-parent\" data-id=\"c7cda57\" data-element_type=\"container\" data-e-type=\"container\">\n\t\t\t\t\t<div class=\"e-con-inner\">\n\t\t\t\t<div class=\"elementor-element elementor-element-fa0aaf1 uael-post__link-complete-yes uael-equal__height-yes uael-posts-thumbnail-ratio elementor-widget elementor-widget-uael-posts\" data-id=\"fa0aaf1\" data-element_type=\"widget\" data-e-type=\"widget\" data-settings=\"{&quot;classic_slides_to_show&quot;:1,&quot;classic_slides_to_show_tablet&quot;:2,&quot;classic_slides_to_show_mobile&quot;:1,&quot;classic_show_filters&quot;:&quot;no&quot;}\" data-widget_type=\"uael-posts.classic\">\n\t\t\t\t<div class=\"elementor-widget-container\">\n\t\t\t\t\t\t\t<div class=\"uael-post__header\">\n\t\t\t\t\t<\/div>\n\t\t<div class=\"uael-post__body\">\n\t\t\t\n\t\t\n\t\t<div class=\"uael-blog-terms-position- uael-post-image-top uael-post-grid uael-posts\" data-query-type=\"custom\" data-structure=\"normal\" data-layout=\"\" data-page=\"14290\" data-skin=\"classic\" data-filter-default=\"\" data-offset-top=\"30\" >\n\n\t\t\t\t\t\t\t<div class=\"uael-post-grid__inner uael-post__columns-1 uael-post__columns-tablet-2 uael-post__columns-mobile-1 uael-post-infinite-scroll uael-post-infinite__event-scroll\">\n\t\t\t\n<div class=\"uael-post-wrapper   case-history news\">\n\t<div class=\"uael-post__bg-wrap uael-bg-wrap-disabled\">\n\n\t\t\t\t\t<a href=\"https:\/\/steinex.com\/de\/are-you-ready-to-try-our-new-smart-factory-technology\/\" target=\"_self\" class=\"uael-post__complete-box-overlay\" aria-label=\"Link Komplettbox\"><\/a>\n\t\t\t\t\n\t\t<div class=\"uael-post__inner-wrap uael-inner-wrap-disabled\">\n\n\t\t\n\t\t\t\n\t\t\t<div class=\"uael-post__content-wrap uael-content-wrap-disabled\">\n\t\t\t\t\t<h3 class=\"uael-post__title\">\n\n\t\t\n\t\t\t\t\t\t<a href=\"https:\/\/steinex.com\/de\/are-you-ready-to-try-our-new-smart-factory-technology\/\" target=\"_self\">\n\t\t\t\tSIND SIE BEREIT, UNSERE NEUE INTELLIGENTE FABRIKTECHNOLOGIE AUSZUPROBIEREN?\t\t\t<\/a>\n\n\t\t\t\t<\/h3>\n\t\t\n\t\t<div class=\"uael-post__excerpt\">\n\t\t\tSIND SIE BEREIT, UNSERE NEUE INTELLIGENTE FABRIKTECHNOLOGIE AUSZUPROBIEREN? Wir verschieben die Grenzen der Steinspaltung. Mit unseren hochmodernen Maschinen \u00fcbertreffen wir die traditionellen CNC-F\u00e4higkeiten ...\t\t<\/div>\n\n\t\t\t\t\t<a class=\"uael-post__read-more elementor-button\" href=\"https:\/\/steinex.com\/de\/are-you-ready-to-try-our-new-smart-factory-technology\/\" target=\"_self\" aria-labelledby=\"uael-post-14300\">\n\t\t\t\t\t<span class=\"elementor-button-content-wrapper\">\n\t\t\t\t\t\t\t\t\t\t\t\t\t\t<span class=\"elementor-button-icon elementor-align-icon-left\">\n\n\t\t\t\t\t\t\t\t\t\n\t\t\t\t\t\t\t\t<\/span>\n\t\t\t\t\t\t\t\t\t\t\t\t\t\n\t\t\t\t\t\t<span class=\"elementor-button-text\" id=\"uael-post-14300\">Mehr lesen<\/span>\n\t\t\t\t\t<\/span>\n\t\t\t\t<\/a>\n\t\t\t\t\t\t<\/div>\n\t\t\t\n\t\t<\/div>\n\t\t\n\t<\/div>\n\n<\/div>\n\n<div class=\"uael-post-wrapper   news\">\n\t<div class=\"uael-post__bg-wrap uael-bg-wrap-disabled\">\n\n\t\t\t\t\t<a href=\"https:\/\/steinex.com\/de\/special-offer-barely-used-for-just-one-year\/\" target=\"_self\" class=\"uael-post__complete-box-overlay\" aria-label=\"Link Komplettbox\"><\/a>\n\t\t\t\t\n\t\t<div class=\"uael-post__inner-wrap uael-inner-wrap-disabled\">\n\n\t\t\n\t\t\t\n\t\t\t<div class=\"uael-post__content-wrap uael-content-wrap-disabled\">\n\t\t\t\t\t<h3 class=\"uael-post__title\">\n\n\t\t\n\t\t\t\t\t\t<a href=\"https:\/\/steinex.com\/de\/special-offer-barely-used-for-just-one-year\/\" target=\"_self\">\n\t\t\t\tSONDERANGEBOT - Kaum benutzt f\u00fcr nur ein Jahr\t\t\t<\/a>\n\n\t\t\t\t<\/h3>\n\t\t\n\t\t<div class=\"uael-post__excerpt\">\n\t\t\tSONDERANGEBOT Kaum benutzt f\u00fcr nur ein Jahr, mit minimalen Betriebsstunden. Eine einzigartige Gelegenheit\t\t<\/div>\n\n\t\t\t\t\t<a class=\"uael-post__read-more elementor-button\" href=\"https:\/\/steinex.com\/de\/special-offer-barely-used-for-just-one-year\/\" target=\"_self\" aria-labelledby=\"uael-post-14299\">\n\t\t\t\t\t<span class=\"elementor-button-content-wrapper\">\n\t\t\t\t\t\t\t\t\t\t\t\t\t\t<span class=\"elementor-button-icon elementor-align-icon-left\">\n\n\t\t\t\t\t\t\t\t\t\n\t\t\t\t\t\t\t\t<\/span>\n\t\t\t\t\t\t\t\t\t\t\t\t\t\n\t\t\t\t\t\t<span class=\"elementor-button-text\" id=\"uael-post-14299\">Mehr lesen<\/span>\n\t\t\t\t\t<\/span>\n\t\t\t\t<\/a>\n\t\t\t\t\t\t<\/div>\n\t\t\t\n\t\t<\/div>\n\t\t\n\t<\/div>\n\n<\/div>\n\n<div class=\"uael-post-wrapper   case-history news\">\n\t<div class=\"uael-post__bg-wrap uael-bg-wrap-disabled\">\n\n\t\t\t\t\t<a href=\"https:\/\/steinex.com\/de\/macchine-da-spacco-wind-star-macchina-automatica\/\" target=\"_self\" class=\"uael-post__complete-box-overlay\" aria-label=\"Link Komplettbox\"><\/a>\n\t\t\t\t\n\t\t<div class=\"uael-post__inner-wrap uael-inner-wrap-disabled\">\n\n\t\t\n\t\t\t\n\t\t\t<div class=\"uael-post__content-wrap uael-content-wrap-disabled\">\n\t\t\t\t\t<h3 class=\"uael-post__title\">\n\n\t\t\n\t\t\t\t\t\t<a href=\"https:\/\/steinex.com\/de\/macchine-da-spacco-wind-star-macchina-automatica\/\" target=\"_self\">\n\t\t\t\tSpaltmaschinen Wind Star automatic machine\t\t\t<\/a>\n\n\t\t\t\t<\/h3>\n\t\t\n\t\t<div class=\"uael-post__excerpt\">\n\t\t\tWind Star ist die Spaltmaschine, die in automatischen Spaltanlagen zum Spalten von ges\u00e4gtem Stein und Beton eingesetzt wird.\t\t<\/div>\n\n\t\t\t\t\t<a class=\"uael-post__read-more elementor-button\" href=\"https:\/\/steinex.com\/de\/macchine-da-spacco-wind-star-macchina-automatica\/\" target=\"_self\" aria-labelledby=\"uael-post-13714\">\n\t\t\t\t\t<span class=\"elementor-button-content-wrapper\">\n\t\t\t\t\t\t\t\t\t\t\t\t\t\t<span class=\"elementor-button-icon elementor-align-icon-left\">\n\n\t\t\t\t\t\t\t\t\t\n\t\t\t\t\t\t\t\t<\/span>\n\t\t\t\t\t\t\t\t\t\t\t\t\t\n\t\t\t\t\t\t<span class=\"elementor-button-text\" id=\"uael-post-13714\">Mehr lesen<\/span>\n\t\t\t\t\t<\/span>\n\t\t\t\t<\/a>\n\t\t\t\t\t\t<\/div>\n\t\t\t\n\t\t<\/div>\n\t\t\n\t<\/div>\n\n<\/div>\n\n<div class=\"uael-post-wrapper   case-history news\">\n\t<div class=\"uael-post__bg-wrap uael-bg-wrap-disabled\">\n\n\t\t\t\t\t<a href=\"https:\/\/steinex.com\/de\/menhir-%d0%ba%d0%be%d0%bb%d0%ba%d0%b0-%d0%ba%d0%b0%d0%bc%d0%bd%d1%8f\/\" target=\"_self\" class=\"uael-post__complete-box-overlay\" aria-label=\"Link Komplettbox\"><\/a>\n\t\t\t\t\n\t\t<div class=\"uael-post__inner-wrap uael-inner-wrap-disabled\">\n\n\t\t\n\t\t\t\n\t\t\t<div class=\"uael-post__content-wrap uael-content-wrap-disabled\">\n\t\t\t\t\t<h3 class=\"uael-post__title\">\n\n\t\t\n\t\t\t\t\t\t<a href=\"https:\/\/steinex.com\/de\/menhir-%d0%ba%d0%be%d0%bb%d0%ba%d0%b0-%d0%ba%d0%b0%d0%bc%d0%bd%d1%8f\/\" target=\"_self\">\n\t\t\t\tMenhir \u043a\u043e\u043b\u043a\u0430 \u043a\u0430\u043c\u043d\u044f\t\t\t<\/a>\n\n\t\t\t\t<\/h3>\n\t\t\n\t\t<div class=\"uael-post__excerpt\">\n\t\t\t\u041a\u043e\u043b\u043e\u0447\u043d\u044b\u0435 \u043c\u0430\u0448\u0438\u043d\u044b \u0441\u0435\u0440\u0438\u0438 Menhir \u0432 \u043e\u0441\u043d\u043e\u0432\u043d\u043e\u043c \u0438\u0441\u043f\u043e\u043b\u044c\u0437\u0443\u044e\u0442\u0441\u044f \u043a\u0430\u043a \u043c\u0430\u0448\u0438\u043d\u044b \u043f\u0435\u0440\u0432\u0438\u0447\u043d\u043e\u0439 \u043e\u0431\u0440\u0430\u0431\u043e\u0442\u043a\u0438 \u0432 \u0443\u0441\u0442\u0430\u043d\u043e\u0432\u043a\u0430\u0445, \u043f\u0440\u0435\u0434\u043d\u0430\u0437\u043d\u0430\u0447\u0435\u043d\u043d\u044b\u0445 \u0434\u043b\u044f \u043f\u0440\u043e\u0438\u0437\u0432\u043e\u0434\u0441\u0442\u0432\u0430 \u043f\u043e\u043b\u0443\u0444\u0430\u0431\u0440\u0438\u043a\u0430\u0442\u043e\u0432 \u0438\u0437 \u043a\u043e\u043b\u043e\u0442\u043e\u0433\u043e \u043a\u0430\u043c\u043d\u044f, \u0438\u043b\u0438 \u0432 \u0443\u0441\u0442\u0430\u043d\u043e\u0432\u043a\u0430\u0445 \u0434\u043b\u044f \u043f\u0440\u043e\u0438\u0437\u0432\u043e\u0434\u0441\u0442\u0432\u0430 ...\t\t<\/div>\n\n\t\t\t\t\t<a class=\"uael-post__read-more elementor-button\" href=\"https:\/\/steinex.com\/de\/menhir-%d0%ba%d0%be%d0%bb%d0%ba%d0%b0-%d0%ba%d0%b0%d0%bc%d0%bd%d1%8f\/\" target=\"_self\" aria-labelledby=\"uael-post-13712\">\n\t\t\t\t\t<span class=\"elementor-button-content-wrapper\">\n\t\t\t\t\t\t\t\t\t\t\t\t\t\t<span class=\"elementor-button-icon elementor-align-icon-left\">\n\n\t\t\t\t\t\t\t\t\t\n\t\t\t\t\t\t\t\t<\/span>\n\t\t\t\t\t\t\t\t\t\t\t\t\t\n\t\t\t\t\t\t<span class=\"elementor-button-text\" id=\"uael-post-13712\">Mehr lesen<\/span>\n\t\t\t\t\t<\/span>\n\t\t\t\t<\/a>\n\t\t\t\t\t\t<\/div>\n\t\t\t\n\t\t<\/div>\n\t\t\n\t<\/div>\n\n<\/div>\n\n<div class=\"uael-post-wrapper   case-history news\">\n\t<div class=\"uael-post__bg-wrap uael-bg-wrap-disabled\">\n\n\t\t\t\t\t<a href=\"https:\/\/steinex.com\/de\/menhir-maquinas-de-rachar-pedras\/\" target=\"_self\" class=\"uael-post__complete-box-overlay\" aria-label=\"Link Komplettbox\"><\/a>\n\t\t\t\t\n\t\t<div class=\"uael-post__inner-wrap uael-inner-wrap-disabled\">\n\n\t\t\n\t\t\t\n\t\t\t<div class=\"uael-post__content-wrap uael-content-wrap-disabled\">\n\t\t\t\t\t<h3 class=\"uael-post__title\">\n\n\t\t\n\t\t\t\t\t\t<a href=\"https:\/\/steinex.com\/de\/menhir-maquinas-de-rachar-pedras\/\" target=\"_self\">\n\t\t\t\tMenhir m\u00e1quinas de rachar pedras\t\t\t<\/a>\n\n\t\t\t\t<\/h3>\n\t\t\n\t\t<div class=\"uael-post__excerpt\">\n\t\t\tDie Modelle der Menhir-Rechenanlage werden vor allem als Grundger\u00e4te in Anlagen eingesetzt, die f\u00fcr die Herstellung von Halbfertigprodukten mit einer Rechenanlage konfiguriert sind ...\t\t<\/div>\n\n\t\t\t\t\t<a class=\"uael-post__read-more elementor-button\" href=\"https:\/\/steinex.com\/de\/menhir-maquinas-de-rachar-pedras\/\" target=\"_self\" aria-labelledby=\"uael-post-13711\">\n\t\t\t\t\t<span class=\"elementor-button-content-wrapper\">\n\t\t\t\t\t\t\t\t\t\t\t\t\t\t<span class=\"elementor-button-icon elementor-align-icon-left\">\n\n\t\t\t\t\t\t\t\t\t\n\t\t\t\t\t\t\t\t<\/span>\n\t\t\t\t\t\t\t\t\t\t\t\t\t\n\t\t\t\t\t\t<span class=\"elementor-button-text\" id=\"uael-post-13711\">Mehr lesen<\/span>\n\t\t\t\t\t<\/span>\n\t\t\t\t<\/a>\n\t\t\t\t\t\t<\/div>\n\t\t\t\n\t\t<\/div>\n\t\t\n\t<\/div>\n\n<\/div>\n\n<div class=\"uael-post-wrapper   case-history news\">\n\t<div class=\"uael-post__bg-wrap uael-bg-wrap-disabled\">\n\n\t\t\t\t\t<a href=\"https:\/\/steinex.com\/de\/menhir-maquinas-de-corte\/\" target=\"_self\" class=\"uael-post__complete-box-overlay\" aria-label=\"Link Komplettbox\"><\/a>\n\t\t\t\t\n\t\t<div class=\"uael-post__inner-wrap uael-inner-wrap-disabled\">\n\n\t\t\n\t\t\t\n\t\t\t<div class=\"uael-post__content-wrap uael-content-wrap-disabled\">\n\t\t\t\t\t<h3 class=\"uael-post__title\">\n\n\t\t\n\t\t\t\t\t\t<a href=\"https:\/\/steinex.com\/de\/menhir-maquinas-de-corte\/\" target=\"_self\">\n\t\t\t\tMenhir m\u00e1quinas de corte\t\t\t<\/a>\n\n\t\t\t\t<\/h3>\n\t\t\n\t\t<div class=\"uael-post__excerpt\">\n\t\t\tLas m\u00e1quinas de corte de la gama Menhir se utilizan principalmente como m\u00e1quinas primarias en una planta configurada para la producci\u00f3n de semiacabados de piedra ...\t\t<\/div>\n\n\t\t\t\t\t<a class=\"uael-post__read-more elementor-button\" href=\"https:\/\/steinex.com\/de\/menhir-maquinas-de-corte\/\" target=\"_self\" aria-labelledby=\"uael-post-13710\">\n\t\t\t\t\t<span class=\"elementor-button-content-wrapper\">\n\t\t\t\t\t\t\t\t\t\t\t\t\t\t<span class=\"elementor-button-icon elementor-align-icon-left\">\n\n\t\t\t\t\t\t\t\t\t\n\t\t\t\t\t\t\t\t<\/span>\n\t\t\t\t\t\t\t\t\t\t\t\t\t\n\t\t\t\t\t\t<span class=\"elementor-button-text\" id=\"uael-post-13710\">Mehr lesen<\/span>\n\t\t\t\t\t<\/span>\n\t\t\t\t<\/a>\n\t\t\t\t\t\t<\/div>\n\t\t\t\n\t\t<\/div>\n\t\t\n\t<\/div>\n\n<\/div>\n\n<div class=\"uael-post-wrapper   case-history news\">\n\t<div class=\"uael-post__bg-wrap uael-bg-wrap-disabled\">\n\n\t\t\t\t\t<a href=\"https:\/\/steinex.com\/de\/menhir-steinspaltung\/\" target=\"_self\" class=\"uael-post__complete-box-overlay\" aria-label=\"Link Komplettbox\"><\/a>\n\t\t\t\t\n\t\t<div class=\"uael-post__inner-wrap uael-inner-wrap-disabled\">\n\n\t\t\n\t\t\t\n\t\t\t<div class=\"uael-post__content-wrap uael-content-wrap-disabled\">\n\t\t\t\t\t<h3 class=\"uael-post__title\">\n\n\t\t\n\t\t\t\t\t\t<a href=\"https:\/\/steinex.com\/de\/menhir-steinspaltung\/\" target=\"_self\">\n\t\t\t\tMenhir Steinspaltung\t\t\t<\/a>\n\n\t\t\t\t<\/h3>\n\t\t\n\t\t<div class=\"uael-post__excerpt\">\n\t\t\tDie Maschinen der Baureihe Menhir werden haupts\u00e4chlich als Maschinen zur Erstbearbeitung in einer Anlage benutzt, die f\u00fcr die Herstellung von Halbfertigprodukten aus Spaltstein oder ...\t\t<\/div>\n\n\t\t\t\t\t<a class=\"uael-post__read-more elementor-button\" href=\"https:\/\/steinex.com\/de\/menhir-steinspaltung\/\" target=\"_self\" aria-labelledby=\"uael-post-13709\">\n\t\t\t\t\t<span class=\"elementor-button-content-wrapper\">\n\t\t\t\t\t\t\t\t\t\t\t\t\t\t<span class=\"elementor-button-icon elementor-align-icon-left\">\n\n\t\t\t\t\t\t\t\t\t\n\t\t\t\t\t\t\t\t<\/span>\n\t\t\t\t\t\t\t\t\t\t\t\t\t\n\t\t\t\t\t\t<span class=\"elementor-button-text\" id=\"uael-post-13709\">Mehr lesen<\/span>\n\t\t\t\t\t<\/span>\n\t\t\t\t<\/a>\n\t\t\t\t\t\t<\/div>\n\t\t\t\n\t\t<\/div>\n\t\t\n\t<\/div>\n\n<\/div>\n\n<div class=\"uael-post-wrapper   case-history news\">\n\t<div class=\"uael-post__bg-wrap uael-bg-wrap-disabled\">\n\n\t\t\t\t\t<a href=\"https:\/\/steinex.com\/de\/machines-de-clivage-menhir\/\" target=\"_self\" class=\"uael-post__complete-box-overlay\" aria-label=\"Link Komplettbox\"><\/a>\n\t\t\t\t\n\t\t<div class=\"uael-post__inner-wrap uael-inner-wrap-disabled\">\n\n\t\t\n\t\t\t\n\t\t\t<div class=\"uael-post__content-wrap uael-content-wrap-disabled\">\n\t\t\t\t\t<h3 class=\"uael-post__title\">\n\n\t\t\n\t\t\t\t\t\t<a href=\"https:\/\/steinex.com\/de\/machines-de-clivage-menhir\/\" target=\"_self\">\n\t\t\t\tMenhir-Klimaanlagen\t\t\t<\/a>\n\n\t\t\t\t<\/h3>\n\t\t\n\t\t<div class=\"uael-post__excerpt\">\n\t\t\tDie Schneidemaschinen der Produktreihe Menhir werden haupts\u00e4chlich als Hauptmaschinen in einer Anlage zur Herstellung von Halbfertigprodukten eingesetzt.\t\t<\/div>\n\n\t\t\t\t\t<a class=\"uael-post__read-more elementor-button\" href=\"https:\/\/steinex.com\/de\/machines-de-clivage-menhir\/\" target=\"_self\" aria-labelledby=\"uael-post-13708\">\n\t\t\t\t\t<span class=\"elementor-button-content-wrapper\">\n\t\t\t\t\t\t\t\t\t\t\t\t\t\t<span class=\"elementor-button-icon elementor-align-icon-left\">\n\n\t\t\t\t\t\t\t\t\t\n\t\t\t\t\t\t\t\t<\/span>\n\t\t\t\t\t\t\t\t\t\t\t\t\t\n\t\t\t\t\t\t<span class=\"elementor-button-text\" id=\"uael-post-13708\">Mehr lesen<\/span>\n\t\t\t\t\t<\/span>\n\t\t\t\t<\/a>\n\t\t\t\t\t\t<\/div>\n\t\t\t\n\t\t<\/div>\n\t\t\n\t<\/div>\n\n<\/div>\n\n<div class=\"uael-post-wrapper   case-history news\">\n\t<div class=\"uael-post__bg-wrap uael-bg-wrap-disabled\">\n\n\t\t\t\t\t<a href=\"https:\/\/steinex.com\/de\/split-concrete-plants\/\" target=\"_self\" class=\"uael-post__complete-box-overlay\" aria-label=\"Link Komplettbox\"><\/a>\n\t\t\t\t\n\t\t<div class=\"uael-post__inner-wrap uael-inner-wrap-disabled\">\n\n\t\t\n\t\t\t\n\t\t\t<div class=\"uael-post__content-wrap uael-content-wrap-disabled\">\n\t\t\t\t\t<h3 class=\"uael-post__title\">\n\n\t\t\n\t\t\t\t\t\t<a href=\"https:\/\/steinex.com\/de\/split-concrete-plants\/\" target=\"_self\">\n\t\t\t\tSplit-Betonwerke\t\t\t<\/a>\n\n\t\t\t\t<\/h3>\n\t\t\n\t\t<div class=\"uael-post__excerpt\">\n\t\t\tDie Spaltmaschinen von Menhir werden haupts\u00e4chlich als Hauptmaschine in einer Spaltlinie zur Herstellung von halbfertigem Spaltgestein oder f\u00fcr die Produktion von ...\t\t<\/div>\n\n\t\t\t\t\t<a class=\"uael-post__read-more elementor-button\" href=\"https:\/\/steinex.com\/de\/split-concrete-plants\/\" target=\"_self\" aria-labelledby=\"uael-post-13707\">\n\t\t\t\t\t<span class=\"elementor-button-content-wrapper\">\n\t\t\t\t\t\t\t\t\t\t\t\t\t\t<span class=\"elementor-button-icon elementor-align-icon-left\">\n\n\t\t\t\t\t\t\t\t\t\n\t\t\t\t\t\t\t\t<\/span>\n\t\t\t\t\t\t\t\t\t\t\t\t\t\n\t\t\t\t\t\t<span class=\"elementor-button-text\" id=\"uael-post-13707\">Mehr lesen<\/span>\n\t\t\t\t\t<\/span>\n\t\t\t\t<\/a>\n\t\t\t\t\t\t<\/div>\n\t\t\t\n\t\t<\/div>\n\t\t\n\t<\/div>\n\n<\/div>\n\n<div class=\"uael-post-wrapper   case-history news\">\n\t<div class=\"uael-post__bg-wrap uael-bg-wrap-disabled\">\n\n\t\t\t\t\t<a href=\"https:\/\/steinex.com\/de\/macchine-da-spacco-menhir\/\" target=\"_self\" class=\"uael-post__complete-box-overlay\" aria-label=\"Link Komplettbox\"><\/a>\n\t\t\t\t\n\t\t<div class=\"uael-post__inner-wrap uael-inner-wrap-disabled\">\n\n\t\t\n\t\t\t\n\t\t\t<div class=\"uael-post__content-wrap uael-content-wrap-disabled\">\n\t\t\t\t\t<h3 class=\"uael-post__title\">\n\n\t\t\n\t\t\t\t\t\t<a href=\"https:\/\/steinex.com\/de\/macchine-da-spacco-menhir\/\" target=\"_self\">\n\t\t\t\tMenhir-Spaltmaschinen\t\t\t<\/a>\n\n\t\t\t\t<\/h3>\n\t\t\n\t\t<div class=\"uael-post__excerpt\">\n\t\t\tDie Spaltmaschinen der Menhir-Baureihe werden haupts\u00e4chlich als Prim\u00e4rmaschinen in einer Anlage zur Herstellung von Spalthalbfabrikaten oder in der ...\t\t<\/div>\n\n\t\t\t\t\t<a class=\"uael-post__read-more elementor-button\" href=\"https:\/\/steinex.com\/de\/macchine-da-spacco-menhir\/\" target=\"_self\" aria-labelledby=\"uael-post-13705\">\n\t\t\t\t\t<span class=\"elementor-button-content-wrapper\">\n\t\t\t\t\t\t\t\t\t\t\t\t\t\t<span class=\"elementor-button-icon elementor-align-icon-left\">\n\n\t\t\t\t\t\t\t\t\t\n\t\t\t\t\t\t\t\t<\/span>\n\t\t\t\t\t\t\t\t\t\t\t\t\t\n\t\t\t\t\t\t<span class=\"elementor-button-text\" id=\"uael-post-13705\">Mehr lesen<\/span>\n\t\t\t\t\t<\/span>\n\t\t\t\t<\/a>\n\t\t\t\t\t\t<\/div>\n\t\t\t\n\t\t<\/div>\n\t\t\n\t<\/div>\n\n<\/div>\n\n<div class=\"uael-post-wrapper   news\">\n\t<div class=\"uael-post__bg-wrap uael-bg-wrap-disabled\">\n\n\t\t\t\t\t<a href=\"https:\/\/steinex.com\/de\/offerta-usato-igloo\/\" target=\"_self\" class=\"uael-post__complete-box-overlay\" aria-label=\"Link Komplettbox\"><\/a>\n\t\t\t\t\n\t\t<div class=\"uael-post__inner-wrap uael-inner-wrap-disabled\">\n\n\t\t\t\t<div class=\"uael-post__thumbnail\">\n\t\t\t\n\t\t\t<a href=\"https:\/\/steinex.com\/de\/offerta-usato-igloo\/\" target=\"_self\" title=\"Offerta Usato: Igloo &#8211;\"><img fetchpriority=\"high\" decoding=\"async\" width=\"800\" height=\"1066\" src=\"https:\/\/steinex.com\/wp-content\/uploads\/2023\/05\/IMG_2940.jpg\" class=\"attachment-full size-full wp-image-13667\" alt=\"IMG_2940 - Steinex\" srcset=\"https:\/\/steinex.com\/wp-content\/uploads\/2023\/05\/IMG_2940.jpg 800w, https:\/\/steinex.com\/wp-content\/uploads\/2023\/05\/IMG_2940-225x300.jpg 225w, https:\/\/steinex.com\/wp-content\/uploads\/2023\/05\/IMG_2940-768x1023.jpg 768w, https:\/\/steinex.com\/wp-content\/uploads\/2023\/05\/IMG_2940-600x800.jpg 600w\" sizes=\"(max-width: 800px) 100vw, 800px\" \/><\/a>\n\t\t\t\t\t<\/div>\n\t\t\n\t\t\t\n\t\t\t<div class=\"uael-post__content-wrap uael-content-wrap-disabled\">\n\t\t\t\t\t<h3 class=\"uael-post__title\">\n\n\t\t\n\t\t\t\t\t\t<a href=\"https:\/\/steinex.com\/de\/offerta-usato-igloo\/\" target=\"_self\">\n\t\t\t\tGebrauchtes Angebot: Iglu -\t\t\t<\/a>\n\n\t\t\t\t<\/h3>\n\t\t\n\t\t<div class=\"uael-post__excerpt\">\n\t\t\tIglu mit 320 mm Messer und 230 mm Spalth\u00f6he, 50 t. Preis 15.000 eur. Die Maschine funktioniert und kann lackiert werden auf ...\t\t<\/div>\n\n\t\t\t\t\t<a class=\"uael-post__read-more elementor-button\" href=\"https:\/\/steinex.com\/de\/offerta-usato-igloo\/\" target=\"_self\" aria-labelledby=\"uael-post-13666\">\n\t\t\t\t\t<span class=\"elementor-button-content-wrapper\">\n\t\t\t\t\t\t\t\t\t\t\t\t\t\t<span class=\"elementor-button-icon elementor-align-icon-left\">\n\n\t\t\t\t\t\t\t\t\t\n\t\t\t\t\t\t\t\t<\/span>\n\t\t\t\t\t\t\t\t\t\t\t\t\t\n\t\t\t\t\t\t<span class=\"elementor-button-text\" id=\"uael-post-13666\">Mehr lesen<\/span>\n\t\t\t\t\t<\/span>\n\t\t\t\t<\/a>\n\t\t\t\t\t\t<\/div>\n\t\t\t\n\t\t<\/div>\n\t\t\n\t<\/div>\n\n<\/div>\n\n<div class=\"uael-post-wrapper   case-history\">\n\t<div class=\"uael-post__bg-wrap uael-bg-wrap-disabled\">\n\n\t\t\t\t\t<a href=\"https:\/\/steinex.com\/de\/estan-disenadas-para-cortar-materiales-anchos-y-muy-finos\/\" target=\"_self\" class=\"uael-post__complete-box-overlay\" aria-label=\"Link Komplettbox\"><\/a>\n\t\t\t\t\n\t\t<div class=\"uael-post__inner-wrap uael-inner-wrap-disabled\">\n\n\t\t\t\t<div class=\"uael-post__thumbnail\">\n\t\t\t\n\t\t\t<a href=\"https:\/\/steinex.com\/de\/estan-disenadas-para-cortar-materiales-anchos-y-muy-finos\/\" target=\"_self\" title=\"SIE SIND F\u00dcR DAS SCHNEIDEN VON FESTEN UND SEHR D\u00dcNNEN MATERIALIEN AUSGELEGT.\"><img decoding=\"async\" width=\"282\" height=\"212\" src=\"https:\/\/steinex.com\/wp-content\/uploads\/2020\/11\/slovenia-2020.jpg\" class=\"attachment-full size-full wp-image-3392\" alt=\"slovenia-2020 - Steinex\" srcset=\"https:\/\/steinex.com\/wp-content\/uploads\/2020\/11\/slovenia-2020.jpg 282w, https:\/\/steinex.com\/wp-content\/uploads\/2020\/11\/slovenia-2020-16x12.jpg 16w\" sizes=\"(max-width: 282px) 100vw, 282px\" \/><\/a>\n\t\t\t\t\t<\/div>\n\t\t\n\t\t\t\n\t\t\t<div class=\"uael-post__content-wrap uael-content-wrap-disabled\">\n\t\t\t\t\t<h3 class=\"uael-post__title\">\n\n\t\t\n\t\t\t\t\t\t<a href=\"https:\/\/steinex.com\/de\/estan-disenadas-para-cortar-materiales-anchos-y-muy-finos\/\" target=\"_self\">\n\t\t\t\tSIE SIND F\u00dcR DAS SCHNEIDEN VON FESTEN UND SEHR D\u00dcNNEN MATERIALIEN AUSGELEGT.\t\t\t<\/a>\n\n\t\t\t\t<\/h3>\n\t\t\n\t\t<div class=\"uael-post__excerpt\">\n\t\t\tEST\u00c1N DISE\u00d1ADAS PARA CORTAR MATERIALES ANCHOS Y MUY FINOS BROADWAY 800\u00d7250 GT Eslovenia 2020Piedra: granitoProducci\u00f3n de hileras de granito dif\u00edciles de cortar\t\t<\/div>\n\n\t\t\t\t\t<a class=\"uael-post__read-more elementor-button\" href=\"https:\/\/steinex.com\/de\/estan-disenadas-para-cortar-materiales-anchos-y-muy-finos\/\" target=\"_self\" aria-labelledby=\"uael-post-13664\">\n\t\t\t\t\t<span class=\"elementor-button-content-wrapper\">\n\t\t\t\t\t\t\t\t\t\t\t\t\t\t<span class=\"elementor-button-icon elementor-align-icon-left\">\n\n\t\t\t\t\t\t\t\t\t\n\t\t\t\t\t\t\t\t<\/span>\n\t\t\t\t\t\t\t\t\t\t\t\t\t\n\t\t\t\t\t\t<span class=\"elementor-button-text\" id=\"uael-post-13664\">Mehr lesen<\/span>\n\t\t\t\t\t<\/span>\n\t\t\t\t<\/a>\n\t\t\t\t\t\t<\/div>\n\t\t\t\n\t\t<\/div>\n\t\t\n\t<\/div>\n\n<\/div>\n\t\t\t\t<\/div>\n\t\t\t\t\t\t<div class=\"uael-post-inf-loader\">\n\t\t\t\t<div class=\"uael-post-loader-1\"><\/div>\n\t\t\t\t<div class=\"uael-post-loader-2\"><\/div>\n\t\t\t\t<div class=\"uael-post-loader-3\"><\/div>\n\t\t\t<\/div>\n\t\t\t\t\t\t\n\t\t<\/div>\n\n\t\t\t\t\t\t<\/div>\n\t\t<div class=\"uael-post__footer\">\n\t\t\t\t\t\t<nav class=\"uael-grid-pagination\" style=\"display:none;\" role=\"navigation\" aria-label=\"Paginierung\" data-total=\"7\" data-next-page=\"2\">\n\t\t\t\t\t\t\t<\/nav>\n\t\t\t\t\t<\/div>\n\t\t\t\t\t\t<\/div>\n\t\t\t\t<\/div>\n\t\t\t\t\t<\/div>\n\t\t\t\t<\/div>\n\t\t\t\t<\/div>","protected":false},"excerpt":{"rendered":"<p>News Home ARE YOU READY TO TRY OUR NEW SMART FACTORY TECHNOLOGY? ARE YOU READY TO TRY OUR NEW SMART FACTORY TECHNOLOGY? Pushing the boundaries of stone splitting. With our cutting-edge machineries we surpass traditional CNC capability &#8230; Leggi tutto SPECIAL OFFER &#8211; Barely used for just one year SPECIAL OFFER Barely used for just [&hellip;]<\/p>\n","protected":false},"author":1,"featured_media":0,"parent":0,"menu_order":0,"comment_status":"closed","ping_status":"closed","template":"","meta":{"_seopress_robots_primary_cat":"","_seopress_titles_title":"Tecnologia smart factory per macchine da spacco pietra","_seopress_titles_desc":"Macchine da spacco innovative: scopri offerte speciali e la nuova tecnologia Smart Factory per superare i limiti del CNC.","_seopress_robots_index":"","footnotes":""},"class_list":["post-14290","page","type-page","status-publish","hentry"],"_links":{"self":[{"href":"https:\/\/steinex.com\/de\/wp-json\/wp\/v2\/pages\/14290","targetHints":{"allow":["GET"]}}],"collection":[{"href":"https:\/\/steinex.com\/de\/wp-json\/wp\/v2\/pages"}],"about":[{"href":"https:\/\/steinex.com\/de\/wp-json\/wp\/v2\/types\/page"}],"author":[{"embeddable":true,"href":"https:\/\/steinex.com\/de\/wp-json\/wp\/v2\/users\/1"}],"replies":[{"embeddable":true,"href":"https:\/\/steinex.com\/de\/wp-json\/wp\/v2\/comments?post=14290"}],"version-history":[{"count":0,"href":"https:\/\/steinex.com\/de\/wp-json\/wp\/v2\/pages\/14290\/revisions"}],"wp:attachment":[{"href":"https:\/\/steinex.com\/de\/wp-json\/wp\/v2\/media?parent=14290"}],"curies":[{"name":"wp","href":"https:\/\/api.w.org\/{rel}","templated":true}]}}