{"id":14290,"date":"2025-02-11T14:37:49","date_gmt":"2025-02-11T14:37:49","guid":{"rendered":"https:\/\/steinex.gtechgroup.support\/?page_id=14290"},"modified":"2025-02-11T17:06:54","modified_gmt":"2025-02-11T17:06:54","slug":"noticias","status":"publish","type":"page","link":"https:\/\/steinex.com\/es\/news\/","title":{"rendered":"Noticias"},"content":{"rendered":"<div data-elementor-type=\"wp-page\" data-elementor-id=\"14290\" class=\"elementor elementor-14290\" data-elementor-post-type=\"page\">\n\t\t\t\t<div class=\"elementor-element elementor-element-a7ba569 e-flex e-con-boxed e-con e-parent\" data-id=\"a7ba569\" data-element_type=\"container\" data-e-type=\"container\" data-settings=\"{&quot;background_background&quot;:&quot;classic&quot;}\">\n\t\t\t\t\t<div class=\"e-con-inner\">\n\t\t<div class=\"elementor-element elementor-element-dc78407 e-con-full e-flex e-con e-child\" data-id=\"dc78407\" data-element_type=\"container\" data-e-type=\"container\" data-settings=\"{&quot;background_background&quot;:&quot;classic&quot;}\">\n\t\t\t\t<div class=\"elementor-element elementor-element-33676a9 elementor-widget elementor-widget-heading\" data-id=\"33676a9\" data-element_type=\"widget\" data-e-type=\"widget\" data-widget_type=\"heading.default\">\n\t\t\t\t\t<h2 class=\"elementor-heading-title elementor-size-default\">Noticias<\/h2>\t\t\t\t<\/div>\n\t\t\t\t<div class=\"elementor-element elementor-element-b55b64b elementor-widget elementor-widget-hfe-breadcrumbs-widget\" data-id=\"b55b64b\" data-element_type=\"widget\" data-e-type=\"widget\" data-widget_type=\"hfe-breadcrumbs-widget.default\">\n\t\t\t\t<div class=\"elementor-widget-container\">\n\t\t\t\t\t<nav aria-label=\"Migas de pan\"><ul class=\"hfe-breadcrumbs hfe-breadcrumbs-show-home\"><li class=\"hfe-breadcrumbs-item hfe-breadcrumbs-first\"><span class=\"hfe-breadcrumbs-home-icon\"><\/span><a href=\"https:\/\/steinex.com\/es\"><span class=\"hfe-breadcrumbs-text\">Inicio<\/span><\/a><\/li><\/ul><\/nav>\t\t\t\t<\/div>\n\t\t\t\t<\/div>\n\t\t\t\t<\/div>\n\t\t\t\t\t<\/div>\n\t\t\t\t<\/div>\n\t\t<div class=\"elementor-element elementor-element-c7cda57 e-flex e-con-boxed e-con e-parent\" data-id=\"c7cda57\" data-element_type=\"container\" data-e-type=\"container\">\n\t\t\t\t\t<div class=\"e-con-inner\">\n\t\t\t\t<div class=\"elementor-element elementor-element-fa0aaf1 uael-post__link-complete-yes uael-equal__height-yes uael-posts-thumbnail-ratio elementor-widget elementor-widget-uael-posts\" data-id=\"fa0aaf1\" data-element_type=\"widget\" data-e-type=\"widget\" data-settings=\"{&quot;classic_slides_to_show&quot;:1,&quot;classic_slides_to_show_tablet&quot;:2,&quot;classic_slides_to_show_mobile&quot;:1,&quot;classic_show_filters&quot;:&quot;no&quot;}\" data-widget_type=\"uael-posts.classic\">\n\t\t\t\t<div class=\"elementor-widget-container\">\n\t\t\t\t\t\t\t<div class=\"uael-post__header\">\n\t\t\t\t\t<\/div>\n\t\t<div class=\"uael-post__body\">\n\t\t\t\n\t\t\n\t\t<div class=\"uael-blog-terms-position- uael-post-image-top uael-post-grid uael-posts\" data-query-type=\"custom\" data-structure=\"normal\" data-layout=\"\" data-page=\"14290\" data-skin=\"classic\" data-filter-default=\"\" data-offset-top=\"30\" >\n\n\t\t\t\t\t\t\t<div class=\"uael-post-grid__inner uael-post__columns-1 uael-post__columns-tablet-2 uael-post__columns-mobile-1 uael-post-infinite-scroll uael-post-infinite__event-scroll\">\n\t\t\t\n<div class=\"uael-post-wrapper   case-history news\">\n\t<div class=\"uael-post__bg-wrap uael-bg-wrap-disabled\">\n\n\t\t\t\t\t<a href=\"https:\/\/steinex.com\/es\/are-you-ready-to-try-our-new-smart-factory-technology\/\" target=\"_self\" class=\"uael-post__complete-box-overlay\" aria-label=\"Caja de enlace completa\"><\/a>\n\t\t\t\t\n\t\t<div class=\"uael-post__inner-wrap uael-inner-wrap-disabled\">\n\n\t\t\n\t\t\t\n\t\t\t<div class=\"uael-post__content-wrap uael-content-wrap-disabled\">\n\t\t\t\t\t<h3 class=\"uael-post__title\">\n\n\t\t\n\t\t\t\t\t\t<a href=\"https:\/\/steinex.com\/es\/are-you-ready-to-try-our-new-smart-factory-technology\/\" target=\"_self\">\n\t\t\t\t\u00bfEST\u00c1 LISTO PARA PROBAR NUESTRA NUEVA TECNOLOG\u00cdA DE F\u00c1BRICA INTELIGENTE?\t\t\t<\/a>\n\n\t\t\t\t<\/h3>\n\t\t\n\t\t<div class=\"uael-post__excerpt\">\n\t\t\t\u00bfEST\u00c1 LISTO PARA PROBAR NUESTRA NUEVA TECNOLOG\u00cdA DE F\u00c1BRICA INTELIGENTE? Superando los l\u00edmites del corte de piedra. Con nuestras maquinarias de vanguardia superamos la capacidad CNC tradicional...\t\t<\/div>\n\n\t\t\t\t\t<a class=\"uael-post__read-more elementor-button\" href=\"https:\/\/steinex.com\/es\/are-you-ready-to-try-our-new-smart-factory-technology\/\" target=\"_self\" aria-labelledby=\"uael-post-14300\">\n\t\t\t\t\t<span class=\"elementor-button-content-wrapper\">\n\t\t\t\t\t\t\t\t\t\t\t\t\t\t<span class=\"elementor-button-icon elementor-align-icon-left\">\n\n\t\t\t\t\t\t\t\t\t\n\t\t\t\t\t\t\t\t<\/span>\n\t\t\t\t\t\t\t\t\t\t\t\t\t\n\t\t\t\t\t\t<span class=\"elementor-button-text\" id=\"uael-post-14300\">Seguir leyendo<\/span>\n\t\t\t\t\t<\/span>\n\t\t\t\t<\/a>\n\t\t\t\t\t\t<\/div>\n\t\t\t\n\t\t<\/div>\n\t\t\n\t<\/div>\n\n<\/div>\n\n<div class=\"uael-post-wrapper   news\">\n\t<div class=\"uael-post__bg-wrap uael-bg-wrap-disabled\">\n\n\t\t\t\t\t<a href=\"https:\/\/steinex.com\/es\/special-offer-barely-used-for-just-one-year\/\" target=\"_self\" class=\"uael-post__complete-box-overlay\" aria-label=\"Caja de enlace completa\"><\/a>\n\t\t\t\t\n\t\t<div class=\"uael-post__inner-wrap uael-inner-wrap-disabled\">\n\n\t\t\n\t\t\t\n\t\t\t<div class=\"uael-post__content-wrap uael-content-wrap-disabled\">\n\t\t\t\t\t<h3 class=\"uael-post__title\">\n\n\t\t\n\t\t\t\t\t\t<a href=\"https:\/\/steinex.com\/es\/special-offer-barely-used-for-just-one-year\/\" target=\"_self\">\n\t\t\t\tOFERTA ESPECIAL - Apenas usado durante un a\u00f1o\t\t\t<\/a>\n\n\t\t\t\t<\/h3>\n\t\t\n\t\t<div class=\"uael-post__excerpt\">\n\t\t\tOFERTA ESPECIAL Apenas utilizada durante un a\u00f1o, con un m\u00ednimo de horas de funcionamiento. Una oportunidad \u00fanica\t\t<\/div>\n\n\t\t\t\t\t<a class=\"uael-post__read-more elementor-button\" href=\"https:\/\/steinex.com\/es\/special-offer-barely-used-for-just-one-year\/\" target=\"_self\" aria-labelledby=\"uael-post-14299\">\n\t\t\t\t\t<span class=\"elementor-button-content-wrapper\">\n\t\t\t\t\t\t\t\t\t\t\t\t\t\t<span class=\"elementor-button-icon elementor-align-icon-left\">\n\n\t\t\t\t\t\t\t\t\t\n\t\t\t\t\t\t\t\t<\/span>\n\t\t\t\t\t\t\t\t\t\t\t\t\t\n\t\t\t\t\t\t<span class=\"elementor-button-text\" id=\"uael-post-14299\">Seguir leyendo<\/span>\n\t\t\t\t\t<\/span>\n\t\t\t\t<\/a>\n\t\t\t\t\t\t<\/div>\n\t\t\t\n\t\t<\/div>\n\t\t\n\t<\/div>\n\n<\/div>\n\n<div class=\"uael-post-wrapper   case-history news\">\n\t<div class=\"uael-post__bg-wrap uael-bg-wrap-disabled\">\n\n\t\t\t\t\t<a href=\"https:\/\/steinex.com\/es\/macchine-da-spacco-wind-star-macchina-automatica\/\" target=\"_self\" class=\"uael-post__complete-box-overlay\" aria-label=\"Caja de enlace completa\"><\/a>\n\t\t\t\t\n\t\t<div class=\"uael-post__inner-wrap uael-inner-wrap-disabled\">\n\n\t\t\n\t\t\t\n\t\t\t<div class=\"uael-post__content-wrap uael-content-wrap-disabled\">\n\t\t\t\t\t<h3 class=\"uael-post__title\">\n\n\t\t\n\t\t\t\t\t\t<a href=\"https:\/\/steinex.com\/es\/macchine-da-spacco-wind-star-macchina-automatica\/\" target=\"_self\">\n\t\t\t\tM\u00e1quinas de dividir M\u00e1quina autom\u00e1tica Wind Star\t\t\t<\/a>\n\n\t\t\t\t<\/h3>\n\t\t\n\t\t<div class=\"uael-post__excerpt\">\n\t\t\tWind Star es la m\u00e1quina de corte utilizada en las l\u00edneas de corte autom\u00e1ticas para cortar piedra aserrada y hormig\u00f3n.\t\t<\/div>\n\n\t\t\t\t\t<a class=\"uael-post__read-more elementor-button\" href=\"https:\/\/steinex.com\/es\/macchine-da-spacco-wind-star-macchina-automatica\/\" target=\"_self\" aria-labelledby=\"uael-post-13714\">\n\t\t\t\t\t<span class=\"elementor-button-content-wrapper\">\n\t\t\t\t\t\t\t\t\t\t\t\t\t\t<span class=\"elementor-button-icon elementor-align-icon-left\">\n\n\t\t\t\t\t\t\t\t\t\n\t\t\t\t\t\t\t\t<\/span>\n\t\t\t\t\t\t\t\t\t\t\t\t\t\n\t\t\t\t\t\t<span class=\"elementor-button-text\" id=\"uael-post-13714\">Seguir leyendo<\/span>\n\t\t\t\t\t<\/span>\n\t\t\t\t<\/a>\n\t\t\t\t\t\t<\/div>\n\t\t\t\n\t\t<\/div>\n\t\t\n\t<\/div>\n\n<\/div>\n\n<div class=\"uael-post-wrapper   case-history news\">\n\t<div class=\"uael-post__bg-wrap uael-bg-wrap-disabled\">\n\n\t\t\t\t\t<a href=\"https:\/\/steinex.com\/es\/menhir-%d0%ba%d0%be%d0%bb%d0%ba%d0%b0-%d0%ba%d0%b0%d0%bc%d0%bd%d1%8f\/\" target=\"_self\" class=\"uael-post__complete-box-overlay\" aria-label=\"Caja de enlace completa\"><\/a>\n\t\t\t\t\n\t\t<div class=\"uael-post__inner-wrap uael-inner-wrap-disabled\">\n\n\t\t\n\t\t\t\n\t\t\t<div class=\"uael-post__content-wrap uael-content-wrap-disabled\">\n\t\t\t\t\t<h3 class=\"uael-post__title\">\n\n\t\t\n\t\t\t\t\t\t<a href=\"https:\/\/steinex.com\/es\/menhir-%d0%ba%d0%be%d0%bb%d0%ba%d0%b0-%d0%ba%d0%b0%d0%bc%d0%bd%d1%8f\/\" target=\"_self\">\n\t\t\t\tMenhir \u043a\u043e\u043b\u043a\u0430 \u043a\u0430\u043c\u043d\u044f\u044f\t\t\t<\/a>\n\n\t\t\t\t<\/h3>\n\t\t\n\t\t<div class=\"uael-post__excerpt\">\n\t\t\t\u041a\u043e\u043b\u043e\u0447\u043d\u044b\u0435 \u043c\u0430\u0448\u0438\u043d\u044b \u0441\u0435\u0440\u0438\u0438 Menhir \u0432 \u043e\u0441\u043d\u043e\u0432\u043d\u043e\u043c \u0438\u0441\u043f\u043e\u043b\u044c\u0437\u0443\u044e\u0442\u0441\u044f \u043a\u0430\u043a \u043c\u0430\u0448\u0438\u043d\u044b \u043f\u0435\u0440\u0432\u0438\u0447\u043d\u043e\u0439 \u043e\u0431\u0440\u0430\u0431\u043e\u0442\u043a\u0438 \u0432 \u0443\u0441\u0442\u0430\u043d\u043e\u0432\u043a\u0430\u0445, \u043f\u0440\u0435\u0434\u043d\u0430\u0437\u043d\u0430\u0447\u0435\u043d\u043d\u044b\u0445 \u0434\u043b\u044f \u043f\u0440\u043e\u0438\u0437\u0432\u043e\u0434\u0441\u0442\u0432\u0430 \u043f\u043e\u043b\u0443\u0444\u0430\u0431\u0440\u0438\u043a\u0430\u0442\u043e\u0432 \u0438\u0437 \u043a\u043e\u043b\u043e\u0442\u043e\u0433\u043e \u043a\u0430\u043c\u043d\u044f, \u0438\u043b\u0438 \u0432 \u0443\u0441\u0442\u0430\u043d\u043e\u0432\u043a\u0430\u0445 \u0434\u043b\u044f \u043f\u0440\u043e\u0438\u0437\u0432\u043e\u0434\u0441\u0442\u0432\u0430 ...\t\t<\/div>\n\n\t\t\t\t\t<a class=\"uael-post__read-more elementor-button\" href=\"https:\/\/steinex.com\/es\/menhir-%d0%ba%d0%be%d0%bb%d0%ba%d0%b0-%d0%ba%d0%b0%d0%bc%d0%bd%d1%8f\/\" target=\"_self\" aria-labelledby=\"uael-post-13712\">\n\t\t\t\t\t<span class=\"elementor-button-content-wrapper\">\n\t\t\t\t\t\t\t\t\t\t\t\t\t\t<span class=\"elementor-button-icon elementor-align-icon-left\">\n\n\t\t\t\t\t\t\t\t\t\n\t\t\t\t\t\t\t\t<\/span>\n\t\t\t\t\t\t\t\t\t\t\t\t\t\n\t\t\t\t\t\t<span class=\"elementor-button-text\" id=\"uael-post-13712\">Seguir leyendo<\/span>\n\t\t\t\t\t<\/span>\n\t\t\t\t<\/a>\n\t\t\t\t\t\t<\/div>\n\t\t\t\n\t\t<\/div>\n\t\t\n\t<\/div>\n\n<\/div>\n\n<div class=\"uael-post-wrapper   case-history news\">\n\t<div class=\"uael-post__bg-wrap uael-bg-wrap-disabled\">\n\n\t\t\t\t\t<a href=\"https:\/\/steinex.com\/es\/menhir-maquinas-de-rachar-pedras\/\" target=\"_self\" class=\"uael-post__complete-box-overlay\" aria-label=\"Caja de enlace completa\"><\/a>\n\t\t\t\t\n\t\t<div class=\"uael-post__inner-wrap uael-inner-wrap-disabled\">\n\n\t\t\n\t\t\t\n\t\t\t<div class=\"uael-post__content-wrap uael-content-wrap-disabled\">\n\t\t\t\t\t<h3 class=\"uael-post__title\">\n\n\t\t\n\t\t\t\t\t\t<a href=\"https:\/\/steinex.com\/es\/menhir-maquinas-de-rachar-pedras\/\" target=\"_self\">\n\t\t\t\tMenhir m\u00e1quinas de rachar pedras\t\t\t<\/a>\n\n\t\t\t\t<\/h3>\n\t\t\n\t\t<div class=\"uael-post__excerpt\">\n\t\t\tLos modelos de rastrillo de la gama Menhir se utilizan principalmente como m\u00e1quinas primarias en instalaciones configuradas para la fabricaci\u00f3n de productos semiacabados de rastrillo ...\t\t<\/div>\n\n\t\t\t\t\t<a class=\"uael-post__read-more elementor-button\" href=\"https:\/\/steinex.com\/es\/menhir-maquinas-de-rachar-pedras\/\" target=\"_self\" aria-labelledby=\"uael-post-13711\">\n\t\t\t\t\t<span class=\"elementor-button-content-wrapper\">\n\t\t\t\t\t\t\t\t\t\t\t\t\t\t<span class=\"elementor-button-icon elementor-align-icon-left\">\n\n\t\t\t\t\t\t\t\t\t\n\t\t\t\t\t\t\t\t<\/span>\n\t\t\t\t\t\t\t\t\t\t\t\t\t\n\t\t\t\t\t\t<span class=\"elementor-button-text\" id=\"uael-post-13711\">Seguir leyendo<\/span>\n\t\t\t\t\t<\/span>\n\t\t\t\t<\/a>\n\t\t\t\t\t\t<\/div>\n\t\t\t\n\t\t<\/div>\n\t\t\n\t<\/div>\n\n<\/div>\n\n<div class=\"uael-post-wrapper   case-history news\">\n\t<div class=\"uael-post__bg-wrap uael-bg-wrap-disabled\">\n\n\t\t\t\t\t<a href=\"https:\/\/steinex.com\/es\/menhir-maquinas-de-corte\/\" target=\"_self\" class=\"uael-post__complete-box-overlay\" aria-label=\"Caja de enlace completa\"><\/a>\n\t\t\t\t\n\t\t<div class=\"uael-post__inner-wrap uael-inner-wrap-disabled\">\n\n\t\t\n\t\t\t\n\t\t\t<div class=\"uael-post__content-wrap uael-content-wrap-disabled\">\n\t\t\t\t\t<h3 class=\"uael-post__title\">\n\n\t\t\n\t\t\t\t\t\t<a href=\"https:\/\/steinex.com\/es\/menhir-maquinas-de-corte\/\" target=\"_self\">\n\t\t\t\tMenhir m\u00e1quinas de corte\t\t\t<\/a>\n\n\t\t\t\t<\/h3>\n\t\t\n\t\t<div class=\"uael-post__excerpt\">\n\t\t\tLas m\u00e1quinas de corte de la gama Menhir se utilizan principalmente como m\u00e1quinas primarias en una planta configurada para la producci\u00f3n de semiacabados de piedra ...\t\t<\/div>\n\n\t\t\t\t\t<a class=\"uael-post__read-more elementor-button\" href=\"https:\/\/steinex.com\/es\/menhir-maquinas-de-corte\/\" target=\"_self\" aria-labelledby=\"uael-post-13710\">\n\t\t\t\t\t<span class=\"elementor-button-content-wrapper\">\n\t\t\t\t\t\t\t\t\t\t\t\t\t\t<span class=\"elementor-button-icon elementor-align-icon-left\">\n\n\t\t\t\t\t\t\t\t\t\n\t\t\t\t\t\t\t\t<\/span>\n\t\t\t\t\t\t\t\t\t\t\t\t\t\n\t\t\t\t\t\t<span class=\"elementor-button-text\" id=\"uael-post-13710\">Seguir leyendo<\/span>\n\t\t\t\t\t<\/span>\n\t\t\t\t<\/a>\n\t\t\t\t\t\t<\/div>\n\t\t\t\n\t\t<\/div>\n\t\t\n\t<\/div>\n\n<\/div>\n\n<div class=\"uael-post-wrapper   case-history news\">\n\t<div class=\"uael-post__bg-wrap uael-bg-wrap-disabled\">\n\n\t\t\t\t\t<a href=\"https:\/\/steinex.com\/es\/menhir-steinspaltung\/\" target=\"_self\" class=\"uael-post__complete-box-overlay\" aria-label=\"Caja de enlace completa\"><\/a>\n\t\t\t\t\n\t\t<div class=\"uael-post__inner-wrap uael-inner-wrap-disabled\">\n\n\t\t\n\t\t\t\n\t\t\t<div class=\"uael-post__content-wrap uael-content-wrap-disabled\">\n\t\t\t\t\t<h3 class=\"uael-post__title\">\n\n\t\t\n\t\t\t\t\t\t<a href=\"https:\/\/steinex.com\/es\/menhir-steinspaltung\/\" target=\"_self\">\n\t\t\t\tMenhir Steinspaltung\t\t\t<\/a>\n\n\t\t\t\t<\/h3>\n\t\t\n\t\t<div class=\"uael-post__excerpt\">\n\t\t\tLas m\u00e1quinas de la f\u00e1brica Menhir se utilizan principalmente como m\u00e1quinas para la fabricaci\u00f3n inicial en una planta, para la fabricaci\u00f3n de productos semielaborados a partir de ...\t\t<\/div>\n\n\t\t\t\t\t<a class=\"uael-post__read-more elementor-button\" href=\"https:\/\/steinex.com\/es\/menhir-steinspaltung\/\" target=\"_self\" aria-labelledby=\"uael-post-13709\">\n\t\t\t\t\t<span class=\"elementor-button-content-wrapper\">\n\t\t\t\t\t\t\t\t\t\t\t\t\t\t<span class=\"elementor-button-icon elementor-align-icon-left\">\n\n\t\t\t\t\t\t\t\t\t\n\t\t\t\t\t\t\t\t<\/span>\n\t\t\t\t\t\t\t\t\t\t\t\t\t\n\t\t\t\t\t\t<span class=\"elementor-button-text\" id=\"uael-post-13709\">Seguir leyendo<\/span>\n\t\t\t\t\t<\/span>\n\t\t\t\t<\/a>\n\t\t\t\t\t\t<\/div>\n\t\t\t\n\t\t<\/div>\n\t\t\n\t<\/div>\n\n<\/div>\n\n<div class=\"uael-post-wrapper   case-history news\">\n\t<div class=\"uael-post__bg-wrap uael-bg-wrap-disabled\">\n\n\t\t\t\t\t<a href=\"https:\/\/steinex.com\/es\/machines-de-clivage-menhir\/\" target=\"_self\" class=\"uael-post__complete-box-overlay\" aria-label=\"Caja de enlace completa\"><\/a>\n\t\t\t\t\n\t\t<div class=\"uael-post__inner-wrap uael-inner-wrap-disabled\">\n\n\t\t\n\t\t\t\n\t\t\t<div class=\"uael-post__content-wrap uael-content-wrap-disabled\">\n\t\t\t\t\t<h3 class=\"uael-post__title\">\n\n\t\t\n\t\t\t\t\t\t<a href=\"https:\/\/steinex.com\/es\/machines-de-clivage-menhir\/\" target=\"_self\">\n\t\t\t\tM\u00e1quinas de clivaje Menhir\t\t\t<\/a>\n\n\t\t\t\t<\/h3>\n\t\t\n\t\t<div class=\"uael-post__excerpt\">\n\t\t\tLas m\u00e1quinas de clivaje de la gama Menhir se utilizan principalmente como m\u00e1quinas primarias en una instalaci\u00f3n configurada para la producci\u00f3n de productos semielaborados en ...\t\t<\/div>\n\n\t\t\t\t\t<a class=\"uael-post__read-more elementor-button\" href=\"https:\/\/steinex.com\/es\/machines-de-clivage-menhir\/\" target=\"_self\" aria-labelledby=\"uael-post-13708\">\n\t\t\t\t\t<span class=\"elementor-button-content-wrapper\">\n\t\t\t\t\t\t\t\t\t\t\t\t\t\t<span class=\"elementor-button-icon elementor-align-icon-left\">\n\n\t\t\t\t\t\t\t\t\t\n\t\t\t\t\t\t\t\t<\/span>\n\t\t\t\t\t\t\t\t\t\t\t\t\t\n\t\t\t\t\t\t<span class=\"elementor-button-text\" id=\"uael-post-13708\">Seguir leyendo<\/span>\n\t\t\t\t\t<\/span>\n\t\t\t\t<\/a>\n\t\t\t\t\t\t<\/div>\n\t\t\t\n\t\t<\/div>\n\t\t\n\t<\/div>\n\n<\/div>\n\n<div class=\"uael-post-wrapper   case-history news\">\n\t<div class=\"uael-post__bg-wrap uael-bg-wrap-disabled\">\n\n\t\t\t\t\t<a href=\"https:\/\/steinex.com\/es\/split-concrete-plants\/\" target=\"_self\" class=\"uael-post__complete-box-overlay\" aria-label=\"Caja de enlace completa\"><\/a>\n\t\t\t\t\n\t\t<div class=\"uael-post__inner-wrap uael-inner-wrap-disabled\">\n\n\t\t\n\t\t\t\n\t\t\t<div class=\"uael-post__content-wrap uael-content-wrap-disabled\">\n\t\t\t\t\t<h3 class=\"uael-post__title\">\n\n\t\t\n\t\t\t\t\t\t<a href=\"https:\/\/steinex.com\/es\/split-concrete-plants\/\" target=\"_self\">\n\t\t\t\tHormig\u00f3n partido Plantas\t\t\t<\/a>\n\n\t\t\t\t<\/h3>\n\t\t\n\t\t<div class=\"uael-post__excerpt\">\n\t\t\tLa gama Menhir de m\u00e1quinas de hendido se utiliza principalmente como m\u00e1quina primaria en una l\u00ednea de hendido que produce piedra partida semiacabada o para la producci\u00f3n ...\t\t<\/div>\n\n\t\t\t\t\t<a class=\"uael-post__read-more elementor-button\" href=\"https:\/\/steinex.com\/es\/split-concrete-plants\/\" target=\"_self\" aria-labelledby=\"uael-post-13707\">\n\t\t\t\t\t<span class=\"elementor-button-content-wrapper\">\n\t\t\t\t\t\t\t\t\t\t\t\t\t\t<span class=\"elementor-button-icon elementor-align-icon-left\">\n\n\t\t\t\t\t\t\t\t\t\n\t\t\t\t\t\t\t\t<\/span>\n\t\t\t\t\t\t\t\t\t\t\t\t\t\n\t\t\t\t\t\t<span class=\"elementor-button-text\" id=\"uael-post-13707\">Seguir leyendo<\/span>\n\t\t\t\t\t<\/span>\n\t\t\t\t<\/a>\n\t\t\t\t\t\t<\/div>\n\t\t\t\n\t\t<\/div>\n\t\t\n\t<\/div>\n\n<\/div>\n\n<div class=\"uael-post-wrapper   case-history news\">\n\t<div class=\"uael-post__bg-wrap uael-bg-wrap-disabled\">\n\n\t\t\t\t\t<a href=\"https:\/\/steinex.com\/es\/macchine-da-spacco-menhir\/\" target=\"_self\" class=\"uael-post__complete-box-overlay\" aria-label=\"Caja de enlace completa\"><\/a>\n\t\t\t\t\n\t\t<div class=\"uael-post__inner-wrap uael-inner-wrap-disabled\">\n\n\t\t\n\t\t\t\n\t\t\t<div class=\"uael-post__content-wrap uael-content-wrap-disabled\">\n\t\t\t\t\t<h3 class=\"uael-post__title\">\n\n\t\t\n\t\t\t\t\t\t<a href=\"https:\/\/steinex.com\/es\/macchine-da-spacco-menhir\/\" target=\"_self\">\n\t\t\t\tM\u00e1quinas de dividir Menhir\t\t\t<\/a>\n\n\t\t\t\t<\/h3>\n\t\t\n\t\t<div class=\"uael-post__excerpt\">\n\t\t\tLas m\u00e1quinas cortadoras de la gama Menhir se utilizan principalmente como m\u00e1quinas primarias en una planta configurada para la producci\u00f3n de productos semiacabados de piedra partida o en ...\t\t<\/div>\n\n\t\t\t\t\t<a class=\"uael-post__read-more elementor-button\" href=\"https:\/\/steinex.com\/es\/macchine-da-spacco-menhir\/\" target=\"_self\" aria-labelledby=\"uael-post-13705\">\n\t\t\t\t\t<span class=\"elementor-button-content-wrapper\">\n\t\t\t\t\t\t\t\t\t\t\t\t\t\t<span class=\"elementor-button-icon elementor-align-icon-left\">\n\n\t\t\t\t\t\t\t\t\t\n\t\t\t\t\t\t\t\t<\/span>\n\t\t\t\t\t\t\t\t\t\t\t\t\t\n\t\t\t\t\t\t<span class=\"elementor-button-text\" id=\"uael-post-13705\">Seguir leyendo<\/span>\n\t\t\t\t\t<\/span>\n\t\t\t\t<\/a>\n\t\t\t\t\t\t<\/div>\n\t\t\t\n\t\t<\/div>\n\t\t\n\t<\/div>\n\n<\/div>\n\n<div class=\"uael-post-wrapper   news\">\n\t<div class=\"uael-post__bg-wrap uael-bg-wrap-disabled\">\n\n\t\t\t\t\t<a href=\"https:\/\/steinex.com\/es\/offerta-usato-igloo\/\" target=\"_self\" class=\"uael-post__complete-box-overlay\" aria-label=\"Caja de enlace completa\"><\/a>\n\t\t\t\t\n\t\t<div class=\"uael-post__inner-wrap uael-inner-wrap-disabled\">\n\n\t\t\t\t<div class=\"uael-post__thumbnail\">\n\t\t\t\n\t\t\t<a href=\"https:\/\/steinex.com\/es\/offerta-usato-igloo\/\" target=\"_self\" title=\"Offerta Usato: Igloo &#8211;\"><img fetchpriority=\"high\" decoding=\"async\" width=\"800\" height=\"1066\" src=\"https:\/\/steinex.com\/wp-content\/uploads\/2023\/05\/IMG_2940.jpg\" class=\"attachment-full size-full wp-image-13667\" alt=\"IMG_2940 - Steinex\" srcset=\"https:\/\/steinex.com\/wp-content\/uploads\/2023\/05\/IMG_2940.jpg 800w, https:\/\/steinex.com\/wp-content\/uploads\/2023\/05\/IMG_2940-225x300.jpg 225w, https:\/\/steinex.com\/wp-content\/uploads\/2023\/05\/IMG_2940-768x1023.jpg 768w, https:\/\/steinex.com\/wp-content\/uploads\/2023\/05\/IMG_2940-600x800.jpg 600w\" sizes=\"(max-width: 800px) 100vw, 800px\" \/><\/a>\n\t\t\t\t\t<\/div>\n\t\t\n\t\t\t\n\t\t\t<div class=\"uael-post__content-wrap uael-content-wrap-disabled\">\n\t\t\t\t\t<h3 class=\"uael-post__title\">\n\n\t\t\n\t\t\t\t\t\t<a href=\"https:\/\/steinex.com\/es\/offerta-usato-igloo\/\" target=\"_self\">\n\t\t\t\tOferta de segunda mano: Igloo -\t\t\t<\/a>\n\n\t\t\t\t<\/h3>\n\t\t\n\t\t<div class=\"uael-post__excerpt\">\n\t\t\tIgl\u00fa con cuchilla de 320 mm y altura de corte de 230 mm, 50 t. Precio 15.000 eur. La m\u00e1quina funciona y se puede pintar en ...\t\t<\/div>\n\n\t\t\t\t\t<a class=\"uael-post__read-more elementor-button\" href=\"https:\/\/steinex.com\/es\/offerta-usato-igloo\/\" target=\"_self\" aria-labelledby=\"uael-post-13666\">\n\t\t\t\t\t<span class=\"elementor-button-content-wrapper\">\n\t\t\t\t\t\t\t\t\t\t\t\t\t\t<span class=\"elementor-button-icon elementor-align-icon-left\">\n\n\t\t\t\t\t\t\t\t\t\n\t\t\t\t\t\t\t\t<\/span>\n\t\t\t\t\t\t\t\t\t\t\t\t\t\n\t\t\t\t\t\t<span class=\"elementor-button-text\" id=\"uael-post-13666\">Seguir leyendo<\/span>\n\t\t\t\t\t<\/span>\n\t\t\t\t<\/a>\n\t\t\t\t\t\t<\/div>\n\t\t\t\n\t\t<\/div>\n\t\t\n\t<\/div>\n\n<\/div>\n\n<div class=\"uael-post-wrapper   case-history\">\n\t<div class=\"uael-post__bg-wrap uael-bg-wrap-disabled\">\n\n\t\t\t\t\t<a href=\"https:\/\/steinex.com\/es\/estan-disenadas-para-cortar-materiales-anchos-y-muy-finos\/\" target=\"_self\" class=\"uael-post__complete-box-overlay\" aria-label=\"Caja de enlace completa\"><\/a>\n\t\t\t\t\n\t\t<div class=\"uael-post__inner-wrap uael-inner-wrap-disabled\">\n\n\t\t\t\t<div class=\"uael-post__thumbnail\">\n\t\t\t\n\t\t\t<a href=\"https:\/\/steinex.com\/es\/estan-disenadas-para-cortar-materiales-anchos-y-muy-finos\/\" target=\"_self\" title=\"EST\u00c1N DISE\u00d1ADAS PARA CORTAR MATERIALES ANCHOS Y MUY FINOS\"><img decoding=\"async\" width=\"282\" height=\"212\" src=\"https:\/\/steinex.com\/wp-content\/uploads\/2020\/11\/slovenia-2020.jpg\" class=\"attachment-full size-full wp-image-3392\" alt=\"slovenia-2020 - Steinex\" srcset=\"https:\/\/steinex.com\/wp-content\/uploads\/2020\/11\/slovenia-2020.jpg 282w, https:\/\/steinex.com\/wp-content\/uploads\/2020\/11\/slovenia-2020-16x12.jpg 16w\" sizes=\"(max-width: 282px) 100vw, 282px\" \/><\/a>\n\t\t\t\t\t<\/div>\n\t\t\n\t\t\t\n\t\t\t<div class=\"uael-post__content-wrap uael-content-wrap-disabled\">\n\t\t\t\t\t<h3 class=\"uael-post__title\">\n\n\t\t\n\t\t\t\t\t\t<a href=\"https:\/\/steinex.com\/es\/estan-disenadas-para-cortar-materiales-anchos-y-muy-finos\/\" target=\"_self\">\n\t\t\t\tEST\u00c1N DISE\u00d1ADAS PARA CORTAR MATERIALES ANCHOS Y MUY FINOS\t\t\t<\/a>\n\n\t\t\t\t<\/h3>\n\t\t\n\t\t<div class=\"uael-post__excerpt\">\n\t\t\tEST\u00c1N DISE\u00d1ADAS PARA CORTAR MATERIALES ANCHOS Y MUY FINOS BROADWAY 800\u00d7250 GT Eslovenia 2020Piedra: granitoProducci\u00f3n de hileras de granito dif\u00edciles de cortar\t\t<\/div>\n\n\t\t\t\t\t<a class=\"uael-post__read-more elementor-button\" href=\"https:\/\/steinex.com\/es\/estan-disenadas-para-cortar-materiales-anchos-y-muy-finos\/\" target=\"_self\" aria-labelledby=\"uael-post-13664\">\n\t\t\t\t\t<span class=\"elementor-button-content-wrapper\">\n\t\t\t\t\t\t\t\t\t\t\t\t\t\t<span class=\"elementor-button-icon elementor-align-icon-left\">\n\n\t\t\t\t\t\t\t\t\t\n\t\t\t\t\t\t\t\t<\/span>\n\t\t\t\t\t\t\t\t\t\t\t\t\t\n\t\t\t\t\t\t<span class=\"elementor-button-text\" id=\"uael-post-13664\">Seguir leyendo<\/span>\n\t\t\t\t\t<\/span>\n\t\t\t\t<\/a>\n\t\t\t\t\t\t<\/div>\n\t\t\t\n\t\t<\/div>\n\t\t\n\t<\/div>\n\n<\/div>\n\t\t\t\t<\/div>\n\t\t\t\t\t\t<div class=\"uael-post-inf-loader\">\n\t\t\t\t<div class=\"uael-post-loader-1\"><\/div>\n\t\t\t\t<div class=\"uael-post-loader-2\"><\/div>\n\t\t\t\t<div class=\"uael-post-loader-3\"><\/div>\n\t\t\t<\/div>\n\t\t\t\t\t\t\n\t\t<\/div>\n\n\t\t\t\t\t\t<\/div>\n\t\t<div class=\"uael-post__footer\">\n\t\t\t\t\t\t<nav class=\"uael-grid-pagination\" style=\"display:none;\" role=\"navigation\" aria-label=\"Paginaci\u00f3n\" data-total=\"7\" data-next-page=\"2\">\n\t\t\t\t\t\t\t<\/nav>\n\t\t\t\t\t<\/div>\n\t\t\t\t\t\t<\/div>\n\t\t\t\t<\/div>\n\t\t\t\t\t<\/div>\n\t\t\t\t<\/div>\n\t\t\t\t<\/div>","protected":false},"excerpt":{"rendered":"<p>News Home ARE YOU READY TO TRY OUR NEW SMART FACTORY TECHNOLOGY? ARE YOU READY TO TRY OUR NEW SMART FACTORY TECHNOLOGY? Pushing the boundaries of stone splitting. With our cutting-edge machineries we surpass traditional CNC capability &#8230; Leggi tutto SPECIAL OFFER &#8211; Barely used for just one year SPECIAL OFFER Barely used for just [&hellip;]<\/p>\n","protected":false},"author":1,"featured_media":0,"parent":0,"menu_order":0,"comment_status":"closed","ping_status":"closed","template":"","meta":{"_seopress_robots_primary_cat":"","_seopress_titles_title":"Tecnologia smart factory per macchine da spacco pietra","_seopress_titles_desc":"Macchine da spacco innovative: scopri offerte speciali e la nuova tecnologia Smart Factory per superare i limiti del CNC.","_seopress_robots_index":"","footnotes":""},"class_list":["post-14290","page","type-page","status-publish","hentry"],"_links":{"self":[{"href":"https:\/\/steinex.com\/es\/wp-json\/wp\/v2\/pages\/14290","targetHints":{"allow":["GET"]}}],"collection":[{"href":"https:\/\/steinex.com\/es\/wp-json\/wp\/v2\/pages"}],"about":[{"href":"https:\/\/steinex.com\/es\/wp-json\/wp\/v2\/types\/page"}],"author":[{"embeddable":true,"href":"https:\/\/steinex.com\/es\/wp-json\/wp\/v2\/users\/1"}],"replies":[{"embeddable":true,"href":"https:\/\/steinex.com\/es\/wp-json\/wp\/v2\/comments?post=14290"}],"version-history":[{"count":0,"href":"https:\/\/steinex.com\/es\/wp-json\/wp\/v2\/pages\/14290\/revisions"}],"wp:attachment":[{"href":"https:\/\/steinex.com\/es\/wp-json\/wp\/v2\/media?parent=14290"}],"curies":[{"name":"wp","href":"https:\/\/api.w.org\/{rel}","templated":true}]}}