{"id":14746,"date":"2025-09-16T14:31:48","date_gmt":"2025-09-16T14:31:48","guid":{"rendered":"https:\/\/steinex.gtechgroup.support\/?page_id=14746"},"modified":"2025-09-19T16:12:32","modified_gmt":"2025-09-19T16:12:32","slug":"sistemas-automaticos-de-reconocimiento-y-clasificacion-de-piedras","status":"publish","type":"page","link":"https:\/\/steinex.com\/es\/sistemi-automatici-di-riconoscimento-e-selezione-della-pietra\/","title":{"rendered":"Sistemas autom\u00e1ticos de reconocimiento y clasificaci\u00f3n de piedras"},"content":{"rendered":"<div data-elementor-type=\"wp-page\" data-elementor-id=\"14746\" class=\"elementor elementor-14746\" data-elementor-post-type=\"page\">\n\t\t\t\t<div class=\"elementor-element elementor-element-7d476d0 e-flex e-con-boxed e-con e-parent\" data-id=\"7d476d0\" data-element_type=\"container\" data-e-type=\"container\" data-settings=\"{&quot;background_background&quot;:&quot;classic&quot;}\">\n\t\t\t\t\t<div class=\"e-con-inner\">\n\t\t<div class=\"elementor-element elementor-element-7380bd2 e-con-full e-flex e-con e-child\" data-id=\"7380bd2\" data-element_type=\"container\" data-e-type=\"container\" data-settings=\"{&quot;background_background&quot;:&quot;classic&quot;}\">\n\t\t\t\t<div class=\"elementor-element elementor-element-7fe18ae elementor-widget elementor-widget-heading\" data-id=\"7fe18ae\" data-element_type=\"widget\" data-e-type=\"widget\" data-widget_type=\"heading.default\">\n\t\t\t\t\t<h2 class=\"elementor-heading-title elementor-size-default\">Sistemas autom\u00e1ticos de reconocimiento y clasificaci\u00f3n de piedras<\/h2>\t\t\t\t<\/div>\n\t\t\t\t<div class=\"elementor-element elementor-element-3b53726 elementor-widget elementor-widget-hfe-breadcrumbs-widget\" data-id=\"3b53726\" data-element_type=\"widget\" data-e-type=\"widget\" data-widget_type=\"hfe-breadcrumbs-widget.default\">\n\t\t\t\t<div class=\"elementor-widget-container\">\n\t\t\t\t\t<nav aria-label=\"Migas de pan\"><ul class=\"hfe-breadcrumbs hfe-breadcrumbs-show-home\"><li class=\"hfe-breadcrumbs-item hfe-breadcrumbs-first\"><span class=\"hfe-breadcrumbs-home-icon\"><\/span><a href=\"https:\/\/steinex.com\/es\"><span class=\"hfe-breadcrumbs-text\">Inicio<\/span><\/a><\/li><\/ul><\/nav>\t\t\t\t<\/div>\n\t\t\t\t<\/div>\n\t\t\t\t<\/div>\n\t\t\t\t\t<\/div>\n\t\t\t\t<\/div>\n\t\t<div class=\"elementor-element elementor-element-223bf34 e-flex e-con-boxed e-con e-parent\" data-id=\"223bf34\" data-element_type=\"container\" data-e-type=\"container\">\n\t\t\t\t\t<div class=\"e-con-inner\">\n\t\t<div class=\"elementor-element elementor-element-34caf74 e-con-full e-flex e-con e-child\" data-id=\"34caf74\" data-element_type=\"container\" data-e-type=\"container\">\n\t\t\t\t<div class=\"elementor-element elementor-element-732dccc elementor-widget elementor-widget-text-editor\" data-id=\"732dccc\" data-element_type=\"widget\" data-e-type=\"widget\" data-widget_type=\"text-editor.default\">\n\t\t\t\t\t\t\t\t\t<p>STEINEX dise\u00f1a sistemas autom\u00e1ticos de reconocimiento y clasificaci\u00f3n de piedras que incorporan las \u00faltimas innovaciones tecnol\u00f3gicas.<\/p>\t\t\t\t\t\t\t\t<\/div>\n\t\t\t\t<div class=\"elementor-element elementor-element-a037ec0 elementor-widget elementor-widget-heading\" data-id=\"a037ec0\" data-element_type=\"widget\" data-e-type=\"widget\" data-widget_type=\"heading.default\">\n\t\t\t\t\t<h2 class=\"elementor-heading-title elementor-size-default\">Estas soluciones avanzadas:<\/h2>\t\t\t\t<\/div>\n\t\t\t\t<div class=\"elementor-element elementor-element-9c93f1d elementor-widget elementor-widget-text-editor\" data-id=\"9c93f1d\" data-element_type=\"widget\" data-e-type=\"widget\" data-widget_type=\"text-editor.default\">\n\t\t\t\t\t\t\t\t\tfacilitan la vida de los trabajadores, reducen la fatiga y aumentan la seguridad;\t\t\t\t\t\t\t\t<\/div>\n\t\t\t\t<div class=\"elementor-element elementor-element-f916038 elementor-widget elementor-widget-text-editor\" data-id=\"f916038\" data-element_type=\"widget\" data-e-type=\"widget\" data-widget_type=\"text-editor.default\">\n\t\t\t\t\t\t\t\t\tmejorar la precisi\u00f3n y la calidad del proceso de producci\u00f3n\t\t\t\t\t\t\t\t<\/div>\n\t\t\t\t<div class=\"elementor-element elementor-element-8ed6061 elementor-widget elementor-widget-text-editor\" data-id=\"8ed6061\" data-element_type=\"widget\" data-e-type=\"widget\" data-widget_type=\"text-editor.default\">\n\t\t\t\t\t\t\t\t\thacer que las empresas sean m\u00e1s productivas y competitivas en el mercado\t\t\t\t\t\t\t\t<\/div>\n\t\t\t\t<div class=\"elementor-element elementor-element-b57b819 elementor-widget elementor-widget-text-editor\" data-id=\"b57b819\" data-element_type=\"widget\" data-e-type=\"widget\" data-widget_type=\"text-editor.default\">\n\t\t\t\t\t\t\t\t\t<p>A trav\u00e9s de un enfoque constante de la innovaci\u00f3n, STEINEX transforma el trabajo con la piedra en un negocio m\u00e1s eficiente, sostenible y orientado al futuro.<\/p>\t\t\t\t\t\t\t\t<\/div>\n\t\t\t\t<\/div>\n\t\t<div class=\"elementor-element elementor-element-d7d60d2 e-con-full e-flex e-con e-child\" data-id=\"d7d60d2\" data-element_type=\"container\" data-e-type=\"container\">\n\t\t\t\t<div class=\"elementor-element elementor-element-8da5e1c elementor-widget elementor-widget-image\" data-id=\"8da5e1c\" data-element_type=\"widget\" data-e-type=\"widget\" data-widget_type=\"image.default\">\n\t\t\t\t\t\t\t\t\t\t\t\t\t\t\t<img fetchpriority=\"high\" decoding=\"async\" width=\"768\" height=\"1024\" src=\"https:\/\/steinex.com\/wp-content\/uploads\/2025\/09\/Immagine2-768x1024.jpg\" class=\"attachment-large size-large wp-image-14750\" alt=\"Zona de recogida y clasificaci\u00f3n de residuos industriales\" srcset=\"https:\/\/steinex.com\/wp-content\/uploads\/2025\/09\/Immagine2-768x1024.jpg 768w, https:\/\/steinex.com\/wp-content\/uploads\/2025\/09\/Immagine2-225x300.jpg 225w, https:\/\/steinex.com\/wp-content\/uploads\/2025\/09\/Immagine2-9x12.jpg 9w, https:\/\/steinex.com\/wp-content\/uploads\/2025\/09\/Immagine2-600x800.jpg 600w, https:\/\/steinex.com\/wp-content\/uploads\/2025\/09\/Immagine2.jpg 1104w\" sizes=\"(max-width: 768px) 100vw, 768px\" \/>\t\t\t\t\t\t\t\t\t\t\t\t\t\t\t<\/div>\n\t\t\t\t<\/div>\n\t\t\t\t\t<\/div>\n\t\t\t\t<\/div>\n\t\t\t\t<\/div>","protected":false},"excerpt":{"rendered":"<p>Sistemi automatici di riconoscimento e selezione della pietra Home STEINEX progetta sistemi automatici di riconoscimento e selezione della pietra che integrano le pi\u00f9 recenti innovazioni tecnologiche. Queste soluzioni avanzate: facilitano la vita dei lavoratori, riducendo la fatica e aumentando la sicurezza;migliorano la precisione e la qualit\u00e0 del processo produttivorendono le aziende pi\u00f9 produttive e competitive [&hellip;]<\/p>\n","protected":false},"author":1,"featured_media":0,"parent":0,"menu_order":0,"comment_status":"closed","ping_status":"closed","template":"elementor_header_footer","meta":{"_seopress_robots_primary_cat":"","_seopress_titles_title":"Sistemi automatici per la selezione della pietra","_seopress_titles_desc":"STEINEX offre sistemi automatici di riconoscimento e selezione della pietra per aumentare produttivit\u00e0, sicurezza e qualit\u00e0 del lavoro.","_seopress_robots_index":"","footnotes":""},"class_list":["post-14746","page","type-page","status-publish","hentry"],"_links":{"self":[{"href":"https:\/\/steinex.com\/es\/wp-json\/wp\/v2\/pages\/14746","targetHints":{"allow":["GET"]}}],"collection":[{"href":"https:\/\/steinex.com\/es\/wp-json\/wp\/v2\/pages"}],"about":[{"href":"https:\/\/steinex.com\/es\/wp-json\/wp\/v2\/types\/page"}],"author":[{"embeddable":true,"href":"https:\/\/steinex.com\/es\/wp-json\/wp\/v2\/users\/1"}],"replies":[{"embeddable":true,"href":"https:\/\/steinex.com\/es\/wp-json\/wp\/v2\/comments?post=14746"}],"version-history":[{"count":0,"href":"https:\/\/steinex.com\/es\/wp-json\/wp\/v2\/pages\/14746\/revisions"}],"wp:attachment":[{"href":"https:\/\/steinex.com\/es\/wp-json\/wp\/v2\/media?parent=14746"}],"curies":[{"name":"wp","href":"https:\/\/api.w.org\/{rel}","templated":true}]}}