{"id":125,"date":"2025-01-10T15:42:35","date_gmt":"2025-01-10T15:42:35","guid":{"rendered":"https:\/\/steinex.gtechgroup.support\/?page_id=125"},"modified":"2025-09-17T16:13:09","modified_gmt":"2025-09-17T16:13:09","slug":"conception-et-production","status":"publish","type":"page","link":"https:\/\/steinex.com\/fr\/progettazione-e-produzione\/","title":{"rendered":"Conception et production"},"content":{"rendered":"<div data-elementor-type=\"wp-page\" data-elementor-id=\"125\" class=\"elementor elementor-125\" data-elementor-post-type=\"page\">\n\t\t\t\t<div class=\"elementor-element elementor-element-0f74778 e-flex e-con-boxed e-con e-parent\" data-id=\"0f74778\" data-element_type=\"container\" data-e-type=\"container\" data-settings=\"{&quot;background_background&quot;:&quot;classic&quot;}\">\n\t\t\t\t\t<div class=\"e-con-inner\">\n\t\t<div class=\"elementor-element elementor-element-fb35654 e-con-full e-flex e-con e-child\" data-id=\"fb35654\" data-element_type=\"container\" data-e-type=\"container\" data-settings=\"{&quot;background_background&quot;:&quot;classic&quot;}\">\n\t\t\t\t<div class=\"elementor-element elementor-element-c7478c6 elementor-widget elementor-widget-heading\" data-id=\"c7478c6\" data-element_type=\"widget\" data-e-type=\"widget\" data-widget_type=\"heading.default\">\n\t\t\t\t\t<h2 class=\"elementor-heading-title elementor-size-default\">Conception et production<\/h2>\t\t\t\t<\/div>\n\t\t\t\t<div class=\"elementor-element elementor-element-57efced elementor-widget elementor-widget-hfe-breadcrumbs-widget\" data-id=\"57efced\" data-element_type=\"widget\" data-e-type=\"widget\" data-widget_type=\"hfe-breadcrumbs-widget.default\">\n\t\t\t\t<div class=\"elementor-widget-container\">\n\t\t\t\t\t<nav aria-label=\"Fil d&#039;Ariane\"><ul class=\"hfe-breadcrumbs hfe-breadcrumbs-show-home\"><li class=\"hfe-breadcrumbs-item hfe-breadcrumbs-first\"><span class=\"hfe-breadcrumbs-home-icon\"><\/span><a href=\"https:\/\/steinex.com\/fr\"><span class=\"hfe-breadcrumbs-text\">Accueil<\/span><\/a><\/li><\/ul><\/nav>\t\t\t\t<\/div>\n\t\t\t\t<\/div>\n\t\t\t\t<\/div>\n\t\t\t\t\t<\/div>\n\t\t\t\t<\/div>\n\t\t<div class=\"elementor-element elementor-element-f25c6c6 e-flex e-con-boxed e-con e-parent\" data-id=\"f25c6c6\" data-element_type=\"container\" data-e-type=\"container\">\n\t\t\t\t\t<div class=\"e-con-inner\">\n\t\t\t\t<div class=\"elementor-element elementor-element-8c83e3d elementor-widget elementor-widget-heading\" data-id=\"8c83e3d\" data-element_type=\"widget\" data-e-type=\"widget\" data-widget_type=\"heading.default\">\n\t\t\t\t\t<h2 class=\"elementor-heading-title elementor-size-default\">LA QUALIT\u00c9 D'ABORD\n<\/h2>\t\t\t\t<\/div>\n\t\t\t\t<div class=\"elementor-element elementor-element-4df0906 elementor-widget elementor-widget-text-editor\" data-id=\"4df0906\" data-element_type=\"widget\" data-e-type=\"widget\" data-widget_type=\"text-editor.default\">\n\t\t\t\t\t\t\t\t\t<p>Le succ\u00e8s des produits Steinex Srl sur le march\u00e9 est principalement d\u00fb \u00e0 leur&nbsp;<strong>une qualit\u00e9 et une fiabilit\u00e9 reconnues et appr\u00e9ci\u00e9es<\/strong>&nbsp;par les clients. Les machines et les syst\u00e8mes sont con\u00e7us et construits pour faire face \u00e0 des travaux extr\u00eamement durs et \u00e0 des niveaux extr\u00eames d'usure des composants, de sorte qu'ils conservent leur fonctionnalit\u00e9 et leur efficacit\u00e9 au fil du temps.&nbsp;<\/p>\n<p>Col&nbsp;<strong>l'objectif sp\u00e9cifique de maintenir un niveau \u00e9lev\u00e9 de qualit\u00e9 dans le temps<\/strong>Steinex Srl d\u00e9veloppe l'ensemble du processus de production en interne.<\/p>\n<p>De la s\u00e9lection des mati\u00e8res premi\u00e8res \u00e0 l'assemblage final, chaque \u00e9tape du processus, de la menuiserie au fraisage avec des machines modernes \u00e0 commande num\u00e9rique, est soumise \u00e0 des contr\u00f4les stricts, garantissant des normes de qualit\u00e9 \u00e9lev\u00e9es. Choisir Steinex Srl, c'est avoir la garantie d'acheter <strong>un produit 100% Made in Italy<\/strong>.<\/p>\t\t\t\t\t\t\t\t<\/div>\n\t\t\t\t\t<\/div>\n\t\t\t\t<\/div>\n\t\t<div class=\"elementor-element elementor-element-2e05927 e-flex e-con-boxed e-con e-parent\" data-id=\"2e05927\" data-element_type=\"container\" data-e-type=\"container\">\n\t\t\t\t\t<div class=\"e-con-inner\">\n\t\t\t\t<div class=\"elementor-element elementor-element-630d5f0 ekit-equal-height-enable elementor-widget elementor-widget-elementskit-image-box\" data-id=\"630d5f0\" data-element_type=\"widget\" data-e-type=\"widget\" data-widget_type=\"elementskit-image-box.default\">\n\t\t\t\t\t<div class=\"ekit-wid-con\" >\n            <div class=\"elementskit-info-image-box ekit-image-box text-left simple-card\" >\n\n                \n                <div class=\"elementskit-box-header image-box-img-left\">\n\n                    <img fetchpriority=\"high\" decoding=\"async\" width=\"900\" height=\"675\" src=\"https:\/\/steinex.com\/wp-content\/uploads\/2025\/01\/ufficio-tecnico-1.jpeg\" class=\"attachment-full size-full wp-image-121\" alt=\"ufficio-tecnico-1 - Steinex\" srcset=\"https:\/\/steinex.com\/wp-content\/uploads\/2025\/01\/ufficio-tecnico-1.jpeg 900w, https:\/\/steinex.com\/wp-content\/uploads\/2025\/01\/ufficio-tecnico-1-300x225.jpeg 300w, https:\/\/steinex.com\/wp-content\/uploads\/2025\/01\/ufficio-tecnico-1-768x576.jpeg 768w, https:\/\/steinex.com\/wp-content\/uploads\/2025\/01\/ufficio-tecnico-1-600x450.jpeg 600w\" sizes=\"(max-width: 900px) 100vw, 900px\" \/>\n                <\/div>\n                \n                <div class=\"elementskit-box-body ekit-image-box-body\">\n                    <div class=\"elementskit-box-content ekit-image-box-body-inner\">\n                                                <h3 class=\"elementskit-info-box-title\">\n\n                        Conception\n                        \n                    <\/h3>\n                                                        <\/div>\n\n                            <\/div>\n            <\/div>\n    <\/div>\t\t\t\t<\/div>\n\t\t\t\t<div class=\"elementor-element elementor-element-a3544bd ekit-equal-height-enable elementor-widget elementor-widget-elementskit-image-box\" data-id=\"a3544bd\" data-element_type=\"widget\" data-e-type=\"widget\" data-widget_type=\"elementskit-image-box.default\">\n\t\t\t\t\t<div class=\"ekit-wid-con\" >\n            <div class=\"elementskit-info-image-box ekit-image-box text-left simple-card\" >\n\n                \n                <div class=\"elementskit-box-header image-box-img-left\">\n\n                    <img decoding=\"async\" width=\"900\" height=\"675\" src=\"https:\/\/steinex.com\/wp-content\/uploads\/2025\/01\/CARPENTERIA.jpeg\" class=\"attachment-full size-full wp-image-120\" alt=\"CARPENTERIA - Steinex\" srcset=\"https:\/\/steinex.com\/wp-content\/uploads\/2025\/01\/CARPENTERIA.jpeg 900w, https:\/\/steinex.com\/wp-content\/uploads\/2025\/01\/CARPENTERIA-300x225.jpeg 300w, https:\/\/steinex.com\/wp-content\/uploads\/2025\/01\/CARPENTERIA-768x576.jpeg 768w, https:\/\/steinex.com\/wp-content\/uploads\/2025\/01\/CARPENTERIA-600x450.jpeg 600w\" sizes=\"(max-width: 900px) 100vw, 900px\" \/>\n                <\/div>\n                \n                <div class=\"elementskit-box-body ekit-image-box-body\">\n                    <div class=\"elementskit-box-content ekit-image-box-body-inner\">\n                                                <h3 class=\"elementskit-info-box-title\">\n\n                        Charpenterie\n                        \n                    <\/h3>\n                                                        <\/div>\n\n                            <\/div>\n            <\/div>\n    <\/div>\t\t\t\t<\/div>\n\t\t\t\t<div class=\"elementor-element elementor-element-a8a372d ekit-equal-height-enable elementor-widget elementor-widget-elementskit-image-box\" data-id=\"a8a372d\" data-element_type=\"widget\" data-e-type=\"widget\" data-widget_type=\"elementskit-image-box.default\">\n\t\t\t\t\t<div class=\"ekit-wid-con\" >\n            <div class=\"elementskit-info-image-box ekit-image-box text-left simple-card\" >\n\n                \n                <div class=\"elementskit-box-header image-box-img-left\">\n\n                    <img decoding=\"async\" width=\"900\" height=\"675\" src=\"https:\/\/steinex.com\/wp-content\/uploads\/2025\/01\/centri-lavoro-cnc.jpeg\" class=\"attachment-full size-full wp-image-119\" alt=\"centri-lavoro-cnc - Steinex\" srcset=\"https:\/\/steinex.com\/wp-content\/uploads\/2025\/01\/centri-lavoro-cnc.jpeg 900w, https:\/\/steinex.com\/wp-content\/uploads\/2025\/01\/centri-lavoro-cnc-300x225.jpeg 300w, https:\/\/steinex.com\/wp-content\/uploads\/2025\/01\/centri-lavoro-cnc-768x576.jpeg 768w, https:\/\/steinex.com\/wp-content\/uploads\/2025\/01\/centri-lavoro-cnc-600x450.jpeg 600w\" sizes=\"(max-width: 900px) 100vw, 900px\" \/>\n                <\/div>\n                \n                <div class=\"elementskit-box-body ekit-image-box-body\">\n                    <div class=\"elementskit-box-content ekit-image-box-body-inner\">\n                                                <h3 class=\"elementskit-info-box-title\">\n\n                        Centres d'usinage CNC\n                        \n                    <\/h3>\n                                                        <\/div>\n\n                            <\/div>\n            <\/div>\n    <\/div>\t\t\t\t<\/div>\n\t\t\t\t<div class=\"elementor-element elementor-element-cd95838 ekit-equal-height-enable elementor-widget elementor-widget-elementskit-image-box\" data-id=\"cd95838\" data-element_type=\"widget\" data-e-type=\"widget\" data-widget_type=\"elementskit-image-box.default\">\n\t\t\t\t\t<div class=\"ekit-wid-con\" >\n            <div class=\"elementskit-info-image-box ekit-image-box text-left simple-card\" >\n\n                \n                <div class=\"elementskit-box-header image-box-img-left\">\n\n                    <img loading=\"lazy\" decoding=\"async\" width=\"900\" height=\"675\" src=\"https:\/\/steinex.com\/wp-content\/uploads\/2025\/01\/montaggio-linea-automatica.jpg\" class=\"attachment-full size-full wp-image-118\" alt=\"montaggio-linea-automatica - Steinex\" srcset=\"https:\/\/steinex.com\/wp-content\/uploads\/2025\/01\/montaggio-linea-automatica.jpg 900w, https:\/\/steinex.com\/wp-content\/uploads\/2025\/01\/montaggio-linea-automatica-300x225.jpg 300w, https:\/\/steinex.com\/wp-content\/uploads\/2025\/01\/montaggio-linea-automatica-768x576.jpg 768w, https:\/\/steinex.com\/wp-content\/uploads\/2025\/01\/montaggio-linea-automatica-600x450.jpg 600w\" sizes=\"(max-width: 900px) 100vw, 900px\" \/>\n                <\/div>\n                \n                <div class=\"elementskit-box-body ekit-image-box-body\">\n                    <div class=\"elementskit-box-content ekit-image-box-body-inner\">\n                                                <h3 class=\"elementskit-info-box-title\">\n\n                        Assembl\u00e9e\n                        \n                    <\/h3>\n                                                        <\/div>\n\n                            <\/div>\n            <\/div>\n    <\/div>\t\t\t\t<\/div>\n\t\t\t\t\t<\/div>\n\t\t\t\t<\/div>\n\t\t\t\t<\/div>","protected":false},"excerpt":{"rendered":"<p>Progettazione e produzione Home QUALIT\u00c0 PRIMA DI TUTTO Il successo dei prodotti Steinex Srl sul mercato \u00e8 dovuto soprattutto alla loro&nbsp;qualit\u00e0 ed affidabilit\u00e0 riconosciuta ed apprezzata&nbsp;dalla clientela. Le macchine e gli impianti sono progettati e costruiti per affrontare un lavoro durissimo con estremi livelli di usura dei componenti cos\u00ec da mantenere la loro funzionalit\u00e0 ed [&hellip;]<\/p>\n","protected":false},"author":1,"featured_media":0,"parent":0,"menu_order":0,"comment_status":"closed","ping_status":"closed","template":"","meta":{"_seopress_robots_primary_cat":"","_seopress_titles_title":"Steinex Srl: Qualit\u00e0 e Affidabilit\u00e0 Made in Italy","_seopress_titles_desc":"Scopri la qualit\u00e0 e affidabilit\u00e0 Steinex Srl: progettazione e produzione 100% Made in Italy con standard elevati e macchine CNC innovative.","_seopress_robots_index":"","footnotes":""},"class_list":["post-125","page","type-page","status-publish","hentry"],"_links":{"self":[{"href":"https:\/\/steinex.com\/fr\/wp-json\/wp\/v2\/pages\/125","targetHints":{"allow":["GET"]}}],"collection":[{"href":"https:\/\/steinex.com\/fr\/wp-json\/wp\/v2\/pages"}],"about":[{"href":"https:\/\/steinex.com\/fr\/wp-json\/wp\/v2\/types\/page"}],"author":[{"embeddable":true,"href":"https:\/\/steinex.com\/fr\/wp-json\/wp\/v2\/users\/1"}],"replies":[{"embeddable":true,"href":"https:\/\/steinex.com\/fr\/wp-json\/wp\/v2\/comments?post=125"}],"version-history":[{"count":0,"href":"https:\/\/steinex.com\/fr\/wp-json\/wp\/v2\/pages\/125\/revisions"}],"wp:attachment":[{"href":"https:\/\/steinex.com\/fr\/wp-json\/wp\/v2\/media?parent=125"}],"curies":[{"name":"wp","href":"https:\/\/api.w.org\/{rel}","templated":true}]}}