{"id":14468,"date":"2025-02-19T23:40:36","date_gmt":"2025-02-19T23:40:36","guid":{"rendered":"https:\/\/steinex.gtechgroup.support\/?page_id=14468"},"modified":"2025-02-19T23:45:38","modified_gmt":"2025-02-19T23:45:38","slug":"merci","status":"publish","type":"page","link":"https:\/\/steinex.com\/fr\/grazie\/","title":{"rendered":"Grazie"},"content":{"rendered":"<div data-elementor-type=\"wp-page\" data-elementor-id=\"14468\" class=\"elementor elementor-14468\" data-elementor-post-type=\"page\">\n\t\t\t\t<div class=\"elementor-element elementor-element-93df1bf e-flex e-con-boxed e-con e-parent\" data-id=\"93df1bf\" data-element_type=\"container\" data-e-type=\"container\">\n\t\t\t\t\t<div class=\"e-con-inner\">\n\t\t\t\t<div class=\"elementor-element elementor-element-6417f3a elementor-widget elementor-widget-image\" data-id=\"6417f3a\" data-element_type=\"widget\" data-e-type=\"widget\" data-widget_type=\"image.default\">\n\t\t\t\t\t\t\t\t\t\t\t\t\t\t\t<img fetchpriority=\"high\" decoding=\"async\" width=\"1000\" height=\"1000\" src=\"https:\/\/steinex.com\/wp-content\/uploads\/2025\/02\/optimized_checkmark.png\" class=\"attachment-full size-full wp-image-14474\" alt=\"Coche verte sur fond noir\" srcset=\"https:\/\/steinex.com\/wp-content\/uploads\/2025\/02\/optimized_checkmark.png 1000w, https:\/\/steinex.com\/wp-content\/uploads\/2025\/02\/optimized_checkmark-300x300.png 300w, https:\/\/steinex.com\/wp-content\/uploads\/2025\/02\/optimized_checkmark-150x150.png 150w, https:\/\/steinex.com\/wp-content\/uploads\/2025\/02\/optimized_checkmark-768x768.png 768w, https:\/\/steinex.com\/wp-content\/uploads\/2025\/02\/optimized_checkmark-12x12.png 12w, https:\/\/steinex.com\/wp-content\/uploads\/2025\/02\/optimized_checkmark-600x600.png 600w, https:\/\/steinex.com\/wp-content\/uploads\/2025\/02\/optimized_checkmark-100x100.png 100w\" sizes=\"(max-width: 1000px) 100vw, 1000px\" \/>\t\t\t\t\t\t\t\t\t\t\t\t\t\t\t<\/div>\n\t\t\t\t<div class=\"elementor-element elementor-element-c6c1377 elementor-widget elementor-widget-heading\" data-id=\"c6c1377\" data-element_type=\"widget\" data-e-type=\"widget\" data-widget_type=\"heading.default\">\n\t\t\t\t\t<h3 class=\"elementor-heading-title elementor-size-default\">Merci de nous avoir contact\u00e9s ! \ud83c\udf1f Nous avons bien re\u00e7u votre message et nous vous r\u00e9pondrons dans les plus brefs d\u00e9lais.<br><br>En attendant, n'h\u00e9sitez pas \u00e0 explorer notre site ou \u00e0 nous suivre sur les m\u00e9dias sociaux. A bient\u00f4t !<\/h3>\t\t\t\t<\/div>\n\t\t\t\t\t<\/div>\n\t\t\t\t<\/div>\n\t\t\t\t<\/div>","protected":false},"excerpt":{"rendered":"<p>Grazie per averci contattato! \ud83c\udf1f Abbiamo ricevuto il tuo messaggio e ti risponderemo al pi\u00f9 presto. Nel frattempo, sentiti libero di esplorare il nostro sito o seguirci sui social. A presto!<\/p>","protected":false},"author":1,"featured_media":0,"parent":0,"menu_order":0,"comment_status":"closed","ping_status":"closed","template":"","meta":{"_seopress_robots_primary_cat":"","_seopress_titles_title":"Grazie per il tuo messaggio, ti risponderemo presto!","_seopress_titles_desc":"Abbiamo ricevuto il tuo messaggio! Scopri subito il nostro sito e seguici sui social per restare sempre aggiornato.","_seopress_robots_index":"","footnotes":""},"class_list":["post-14468","page","type-page","status-publish","hentry"],"_links":{"self":[{"href":"https:\/\/steinex.com\/fr\/wp-json\/wp\/v2\/pages\/14468","targetHints":{"allow":["GET"]}}],"collection":[{"href":"https:\/\/steinex.com\/fr\/wp-json\/wp\/v2\/pages"}],"about":[{"href":"https:\/\/steinex.com\/fr\/wp-json\/wp\/v2\/types\/page"}],"author":[{"embeddable":true,"href":"https:\/\/steinex.com\/fr\/wp-json\/wp\/v2\/users\/1"}],"replies":[{"embeddable":true,"href":"https:\/\/steinex.com\/fr\/wp-json\/wp\/v2\/comments?post=14468"}],"version-history":[{"count":0,"href":"https:\/\/steinex.com\/fr\/wp-json\/wp\/v2\/pages\/14468\/revisions"}],"wp:attachment":[{"href":"https:\/\/steinex.com\/fr\/wp-json\/wp\/v2\/media?parent=14468"}],"curies":[{"name":"wp","href":"https:\/\/api.w.org\/{rel}","templated":true}]}}