{"id":14359,"date":"2025-02-12T14:54:32","date_gmt":"2025-02-12T14:54:32","guid":{"rendered":"https:\/\/steinex.gtechgroup.support\/?post_type=product&#038;p=14359"},"modified":"2025-02-12T14:55:21","modified_gmt":"2025-02-12T14:55:21","slug":"40-kit-doutils-aa-09a1155","status":"publish","type":"product","link":"https:\/\/steinex.com\/fr\/prodotto\/kit-40-utensili-aa-09a1155\/","title":{"rendered":"40 kit d'outils AA\/09A1155"},"content":{"rendered":"<p>Lame plate en acier tremp\u00e9 pour brise-pierre. Outil sp\u00e9cial en acier tremp\u00e9 \u00e0 c\u0153ur pour les pierres tr\u00e8s dures.<\/p>","protected":false},"excerpt":{"rendered":"<p>Lame plate en acier tremp\u00e9 pour brise-pierre. Outil sp\u00e9cial en acier tremp\u00e9 \u00e0 c\u0153ur pour les pierres tr\u00e8s dures.<\/p>","protected":false},"featured_media":14369,"comment_status":"closed","ping_status":"closed","template":"","meta":{"_seopress_robots_primary_cat":"54","_seopress_titles_title":"Kit 40 Lame AA\/09A1155 Temprate per Pietre Dure","_seopress_titles_desc":"Lama piana in acciaio temprato per trancia spaccapietre. Utensile speciale senza pacchetta in widia temprato a cuore per pietre molto dure.","_seopress_robots_index":""},"product_brand":[],"product_cat":[20],"product_tag":[],"class_list":{"0":"post-14359","1":"product","2":"type-product","3":"status-publish","4":"has-post-thumbnail","6":"product_cat-accessori","8":"first","9":"instock","10":"shipping-taxable","11":"purchasable","12":"product-type-simple"},"_links":{"self":[{"href":"https:\/\/steinex.com\/fr\/wp-json\/wp\/v2\/product\/14359","targetHints":{"allow":["GET"]}}],"collection":[{"href":"https:\/\/steinex.com\/fr\/wp-json\/wp\/v2\/product"}],"about":[{"href":"https:\/\/steinex.com\/fr\/wp-json\/wp\/v2\/types\/product"}],"replies":[{"embeddable":true,"href":"https:\/\/steinex.com\/fr\/wp-json\/wp\/v2\/comments?post=14359"}],"wp:featuredmedia":[{"embeddable":true,"href":"https:\/\/steinex.com\/fr\/wp-json\/wp\/v2\/media\/14369"}],"wp:attachment":[{"href":"https:\/\/steinex.com\/fr\/wp-json\/wp\/v2\/media?parent=14359"}],"wp:term":[{"taxonomy":"product_brand","embeddable":true,"href":"https:\/\/steinex.com\/fr\/wp-json\/wp\/v2\/product_brand?post=14359"},{"taxonomy":"product_cat","embeddable":true,"href":"https:\/\/steinex.com\/fr\/wp-json\/wp\/v2\/product_cat?post=14359"},{"taxonomy":"product_tag","embeddable":true,"href":"https:\/\/steinex.com\/fr\/wp-json\/wp\/v2\/product_tag?post=14359"}],"curies":[{"name":"wp","href":"https:\/\/api.w.org\/{rel}","templated":true}]}}