{"id":13803,"date":"2025-01-24T14:55:11","date_gmt":"2025-01-24T14:55:11","guid":{"rendered":"https:\/\/steinex.gtechgroup.support\/dichiarazione-sulla-privacy-ue\/"},"modified":"2025-01-24T14:55:11","modified_gmt":"2025-01-24T14:55:11","slug":"declaracao-de-privacidade-da-ue","status":"publish","type":"page","link":"https:\/\/steinex.com\/pt\/dichiarazione-sulla-privacy-ue\/","title":{"rendered":"Declara\u00e7\u00e3o de privacidade (UE)"},"content":{"rendered":"<!-- Legal document generated by Complianz | GDPR\/CCPA Cookie Consent https:\/\/wordpress.org\/plugins\/complianz-gdpr -->\n<div id=\"cmplz-document\" class=\"cmplz-document privacy-statement cmplz-document-eu\"><p><i>Esta declara\u00e7\u00e3o de privacidade foi atualizada pela \u00faltima vez em 24 Janeiro 2026 e se aplica a cidad\u00e3os e residentes legais permanentes do Espa\u00e7o Econ\u00f3mico Europeu e Su\u00ed\u00e7a.<\/i><br \/><br \/><\/p><p><p>Nesta declara\u00e7\u00e3o de privacidade, explicamos o que fazemos com os dados que obtemos sobre si por meio de <a href=\"https:\/\/steinex.com\/pt\">https:\/\/steinex.com\/pt<\/a>. Recomendamos que leia atentamente esta declara\u00e7\u00e3o. No nosso processamento, cumprimos os requisitos da legisla\u00e7\u00e3o de privacidade. Isso significa, entre outras coisas, que:<\/p><ul>\n                <li>declaramos claramente as finalidades para as quais processamos dados pessoais. Fazemos isso por meio desta declara\u00e7\u00e3o de privacidade;<\/li>\n                <li>pretendemos limitar a nossa recolha de dados pessoais apenas aos dados pessoais necess\u00e1rios para fins leg\u00edtimos;<\/li>\n                <li>primeiro solicitamos o seu consentimento expl\u00edcito para processar os seus dados pessoais nos casos que requerem o seu consentimento;<\/li>\n                <li>tomamos medidas de seguran\u00e7a adequadas para proteger os seus dados pessoais e tamb\u00e9m exigimos isso das partes que processam dados pessoais em nosso nome;<\/li>\n                <li>respeitamos o seu direito de aceder aos seus dados pessoais, corrigi-los ou apag\u00e1-los, a seu pedido.<\/li>\n            <\/ul><p>Se tiver alguma d\u00favida ou quiser saber exatamente quais os dados que mantemos de si, entre em contacto connosco.<\/p><\/p><h2>1. Objetivo, dados e per\u00edodo de reten\u00e7\u00e3o<\/h2>Podemos recolher ou receber informa\u00e7\u00f5es pessoais para v\u00e1rios fins relacionados com as nossas opera\u00e7\u00f5es comerciais, que podem incluir o seguinte: (clique para expandir)<details class=\"cmplz-dropdown dropdown-privacy-statement\"><summary><div><h3>1.1 Registar uma conta<\/h3><\/div><\/summary><p class=\"cmplz-subtitle\">Para tanto, usamos os seguintes dados:<\/p><p><ul><li>Um nome e apelido<\/li><li>Um endere\u00e7o de e-mail<\/li><li>Um n\u00famero de telefone<\/li><\/ul><\/p><p class=\"cmplz-subtitle\">A base na qual podemos processar esses dados \u00e9:<\/p><p><a target=\"_blank\" rel=\"noopener noreferrer nofollow\" href=\"https:\/\/cookiedatabase.org\/legal-bases\/#consent\">Mediante a concess\u00e3o do consentimento.<\/a><\/p><p class=\"cmplz-subtitle\">Per\u00edodo de reten\u00e7\u00e3o<\/p><p>Retemos esses dados ap\u00f3s o encerramento do servi\u00e7o pelo seguinte n\u00famero de meses: 48<\/p><\/details><details class=\"cmplz-dropdown dropdown-privacy-statement\"><summary><div><h3>1.2 Boletins informativos<\/h3><\/div><\/summary><p class=\"cmplz-subtitle\">Para tanto, usamos os seguintes dados:<\/p><p><ul><li>Um nome e apelido<\/li><li>Um endere\u00e7o de e-mail<\/li><li>Um n\u00famero de telefone<\/li><\/ul><\/p><p class=\"cmplz-subtitle\">A base na qual podemos processar esses dados \u00e9:<\/p><p><a target=\"_blank\" rel=\"noopener noreferrer nofollow\" href=\"https:\/\/cookiedatabase.org\/legal-bases\/#consent\">Mediante a concess\u00e3o do consentimento.<\/a><\/p><p class=\"cmplz-subtitle\">Per\u00edodo de reten\u00e7\u00e3o<\/p><p>Retemos esses dados ap\u00f3s o encerramento do servi\u00e7o pelo seguinte n\u00famero de meses: 48<\/p><\/details><details class=\"cmplz-dropdown dropdown-privacy-statement\"><summary><div><h3>1.3 Contacto - Atrav\u00e9s de telefone, correio, e-mail e\/ou formul\u00e1rios web<\/h3><\/div><\/summary><p class=\"cmplz-subtitle\">Para tanto, usamos os seguintes dados:<\/p><p><ul><li>Um nome e apelido<\/li><li>Um endere\u00e7o de e-mail<\/li><li>Um n\u00famero de telefone<\/li><\/ul><\/p><p class=\"cmplz-subtitle\">A base na qual podemos processar esses dados \u00e9:<\/p><p><a target=\"_blank\" rel=\"noopener noreferrer nofollow\" href=\"https:\/\/cookiedatabase.org\/legal-bases\/#consent\">Mediante a concess\u00e3o do consentimento.<\/a><\/p><p class=\"cmplz-subtitle\">Per\u00edodo de reten\u00e7\u00e3o<\/p><p>Retemos esses dados ap\u00f3s o encerramento do servi\u00e7o pelo seguinte n\u00famero de meses: 48<\/p><\/details><h2>2. Cookies<\/h2><p>O nosso site utiliza cookies. Para obter mais informa\u00e7\u00f5es sobre cookies, consulte a nossa <a href=\"https:\/\/steinex.com\/pt\/cookie-policy-ue\/\">Pol\u00edtica de cookies<\/a>.&nbsp;<\/p><h2>3. Pr\u00e1ticas de divulga\u00e7\u00e3o<\/h2><p><p>Divulgamos informa\u00e7\u00f5es pessoais se formos obrigados por lei ou por ordem judicial, em resposta a uma ag\u00eancia de aplica\u00e7\u00e3o da lei, na medida permitida por outras disposi\u00e7\u00f5es da lei, para fornecer informa\u00e7\u00f5es ou para uma investiga\u00e7\u00e3o sobre um assunto relacionado \u00e0 seguran\u00e7a p\u00fablica.<\/p><p>Se o nosso site ou organiza\u00e7\u00e3o for adquirido, vendido ou estiver envolvido numa fus\u00e3o ou aquisi\u00e7\u00e3o, os seus dados poder\u00e3o ser divulgados aos nossos consultores e a quaisquer potenciais compradores e ser\u00e3o repassados aos novos propriet\u00e1rios.<\/p><\/p><p>Conclu\u00edmos um Acordo de Processamento de dados com o Google.<\/p><p>O Google n\u00e3o pode utilizar os dados para nenhum outro servi\u00e7o do Google.<\/p><p>A inclus\u00e3o de endere\u00e7os IP completos \u00e9 bloqueada por n\u00f3s.<\/p><h2>4. Seguran\u00e7a<\/h2><p>Estamos comprometidos com a seguran\u00e7a dos dados pessoais. Tomamos medidas de seguran\u00e7a adequadas para limitar o abuso e o acesso n\u00e3o autorizado aos dados pessoais. Isso garante que apenas as pessoas necess\u00e1rias tenham acesso aos seus dados, que o acesso aos dados seja protegido e que as nossas medidas de seguran\u00e7a sejam revistas regularmente.<\/p><p>As medidas de seguran\u00e7a que utilizamos consistem em:<\/p><p><ul><li>Seguran\u00e7a do in\u00edcio de sess\u00e3o<\/li><li>DKIM, SPF, DMARC e outras defini\u00e7\u00f5es espec\u00edficas de DNS<\/li><li>encripta\u00e7\u00e3o (START)TLS \/ SSL \/ DANE<\/li><li>Carater\u00edsticas de seguran\u00e7a\/resist\u00eancia do s\u00edtio Web<\/li><li>HTTP Strict Transport Security e cabe\u00e7alhos de seguran\u00e7a relacionados e pol\u00edticas do navegador<\/li><\/ul><\/p><h2>5. S\u00edtios de terceiros<\/h2><p>Esta declara\u00e7\u00e3o de privacidade n\u00e3o se aplica a sites de terceiros ligados por links do nosso site. N\u00e3o podemos garantir que esses terceiros manuseiem os seus dados pessoais de forma confi\u00e1vel ou segura. Recomendamos que leia as declara\u00e7\u00f5es de privacidade desses sites antes de fazer uso deles.<\/p><h2>6. Altera\u00e7\u00f5es a esta declara\u00e7\u00e3o de privacidade<\/h2><p>Reservamo-nos o direito de fazer altera\u00e7\u00f5es a esta declara\u00e7\u00e3o de privacidade. \u00c9 recomend\u00e1vel que consulte esta declara\u00e7\u00e3o de privacidade regularmente, a fim de estar ciente de quaisquer altera\u00e7\u00f5es. Al\u00e9m disso, iremos inform\u00e1-lo ativamente sempre que poss\u00edvel.<\/p><h2>7. Acedendo e modificando os seus dados<\/h2><p>Se tiver alguma d\u00favida ou quiser saber quais os dados pessoais que temos sobre si, entre em contacto connosco. Pode-nos contactar usando as informa\u00e7\u00f5es abaixo. Tem os seguintes direitos:<\/p><ul>\n                <li>Tem o direito de saber por que seus dados pessoais s\u00e3o necess\u00e1rios, o que acontecer\u00e1 com eles e por quanto tempo ser\u00e3o retidos.<\/li>\n                <li>Direito de acesso: tem o direito de aceder aos seus dados pessoais que s\u00e3o conhecidos por n\u00f3s.<\/li>\n                <li>Direito \u00e0 retifica\u00e7\u00e3o: tem o direito de complementar, corrigir, excluir ou bloquear os seus dados pessoais sempre que desejar.<\/li>\n                <li>Se nos der o seu consentimento para processar os seus dados, tem o direito de revogar esse consentimento e de ter os seus dados pessoais eliminados.<\/li>\n                <li>Direito de transferir os seus dados: tem o direito de pedir todos os seus dados pessoais ao controlador e transferi-los integralmente para outro controlador.<\/li>\n                <li>Direito de contestar: pode-se opor ao processamento dos seus dados. Cumprimos isso, a menos que haja motivos justificados para o processamento.<\/li>\n            <\/ul><p>Certifique-se de sempre declarar claramente quem \u00e9, para que possamos ter a certeza de que n\u00e3o modificamos ou exclu\u00edmos quaisquer dados da pessoa errada.<\/p><h2>8. Enviar uma reclama\u00e7\u00e3o<\/h2><p>Se n\u00e3o estiver satisfeito com a forma como tratamos (uma reclama\u00e7\u00e3o sobre) o processamento dos seus dados pessoais, tem o direito de apresentar uma reclama\u00e7\u00e3o \u00e0 Autoridade de Prote\u00e7\u00e3o de Dados.<\/p><h2>9. Detalhes do contacto<\/h2><p>Steinex S.R.L.<br \/>\n        Localidade de Sille, 24\/26 - 38045 Civezzano (TN)<br \/>\n        It\u00e1lia<br \/>\n        Local na rede Internet: <a href=\"https:\/\/steinex.com\/pt\">https:\/\/steinex.com\/pt<\/a> <br \/>\n        Correio eletr\u00f3nico: <span class=\"cmplz-obfuscate\">inf&#111;@<span class=\"cmplz-fmail-domain\">ex.com<\/span>&#115;&#116;&#101;in&#101;&#120;&#046;c&#111;&#109;<\/span> <br \/>\n        Telefone: +39 0461710500<\/p><h2>10. Solicita\u00e7\u00f5es de dados<\/h2><p>Para os pedidos mais frequentes, oferecemos-lhe tamb\u00e9m a possibilidade de utilizar o nosso formul\u00e1rio de pedido de dados<br \/>\t\t\t<div class=\"cmplz-datarequest cmplz-alert\">\n\t\t\t\t<span class=\"cmplz-close\">\u00d7<\/span>\n\t\t\t\t<span id=\"cmplz-message\"><\/span>\n\t\t\t<\/div>\n\t\t\t<form id=\"cmplz-datarequest-form\" action=\"\">\n\t\t\t\t<input type=\"hidden\" required value=\"eu\" name=\"cmplz_datarequest_region\" id=\"cmplz_datarequest_region\">\n\n\t\t\t\t<label for=\"cmplz_datarequest_firstname\" class=\"cmplz-first-name\">Nome\t\t\t\t\t<input type=\"search\" class=\"datarequest-firstname\" value=\"\" placeholder=\"o seu nome pr\u00f3prio\" id=\"cmplz_datarequest_firstname\" name=\"cmplz_datarequest_firstname\">\n\t\t\t\t<\/label>\n\t\t\t\t<div>\n\t\t\t\t\t<label for=\"cmplz_datarequest_name\">Nome<\/label>\n\t\t\t\t\t<input type=\"text\" required value=\"\" placeholder=\"O seu nome\" id=\"cmplz_datarequest_name\" name=\"cmplz_datarequest_name\">\n\t\t\t\t<\/div>\n\t\t\t\t<div>\n\t\t\t\t\t<label for=\"cmplz_datarequest_email\">E-mail<\/label>\n\t\t\t\t\t<input type=\"email\" required value=\"\" placeholder=\"email@email.com\" id=\"cmplz_datarequest_email\" name=\"cmplz_datarequest_email\">\n\t\t\t\t<\/div>\n\t\t\t\t\t\t\t\t\t\t<div class=\"cmplz_datarequest cmplz_datarequest_request_for_access\">\n\t\t\t\t\t\t\t<label for=\"cmplz_datarequest_request_for_access\">\n\t\t\t\t\t\t\t\t<input type=\"checkbox\" value=\"1\" name=\"cmplz_datarequest_request_for_access\" id=\"cmplz_datarequest_request_for_access\" \/>\n\t\t\t\t\t\t\t\tEnvie um pedido de acesso aos dados que processamos sobre si.\t\t\t\t\t\t\t<\/label>\n\t\t\t\t\t\t<\/div>\n\t\t\t\t\t\t\t\t\t\t<div class=\"cmplz_datarequest cmplz_datarequest_right_to_be_forgotten\">\n\t\t\t\t\t\t\t<label for=\"cmplz_datarequest_right_to_be_forgotten\">\n\t\t\t\t\t\t\t\t<input type=\"checkbox\" value=\"1\" name=\"cmplz_datarequest_right_to_be_forgotten\" id=\"cmplz_datarequest_right_to_be_forgotten\" \/>\n\t\t\t\t\t\t\t\tEnvie um pedido de exclus\u00e3o dos dados se j\u00e1 n\u00e3o forem relevantes.\t\t\t\t\t\t\t<\/label>\n\t\t\t\t\t\t<\/div>\n\t\t\t\t\t\t\t\t\t\t<div class=\"cmplz_datarequest cmplz_datarequest_right_to_data_portability\">\n\t\t\t\t\t\t\t<label for=\"cmplz_datarequest_right_to_data_portability\">\n\t\t\t\t\t\t\t\t<input type=\"checkbox\" value=\"1\" name=\"cmplz_datarequest_right_to_data_portability\" id=\"cmplz_datarequest_right_to_data_portability\" \/>\n\t\t\t\t\t\t\t\tEnvie um pedido para receber um ficheiro de exporta\u00e7\u00e3o dos dados que processamos sobre si.\t\t\t\t\t\t\t<\/label>\n\t\t\t\t\t\t<\/div>\n\t\t\t\t\t\t\t\t<input type=\"button\" id=\"cmplz-datarequest-submit\" value=\"Enviar\">\n\t\t\t<input type=\"hidden\" name=\"trp-form-language\" value=\"pt\"\/><\/form>\n\n\t\t\t<style>\n\t\t\t\t\/* first-name is honeypot *\/\n\t\t\t\t.cmplz-first-name {\n\t\t\t\t\tposition: absolute !important;\n\t\t\t\t\tleft: -5000px !important;\n\t\t\t\t}\n\t\t\t<\/style>\n\t\t\t<\/p><h2>Anexo<\/h2><p><h2>WooCommerce<\/h2><p>Este exemplo de linguagem inclui os elementos b\u00e1sicos sobre a recolha, armazenamento e partilha de dados pessoais, bem como sobre quem est\u00e1 autorizado a aceder a esses dados. Dependendo das defini\u00e7\u00f5es activadas e dos plug-ins adicionais utilizados, as informa\u00e7\u00f5es espec\u00edficas partilhadas pela nossa loja podem variar. Recomendamos que consulte um advogado para decidir quais as informa\u00e7\u00f5es a divulgar na sua pol\u00edtica de privacidade.<\/p><p>Durante o processo de pagamento na nossa loja, recolhemos informa\u00e7\u00f5es sobre o utilizador.<\/p><h2>O que recolhemos e guardamos<\/h2><p>Quando o utilizador visita o nosso s\u00edtio, rastreamos:<\/p><ul><li>Produtos que visualizou: utilizaremos estas informa\u00e7\u00f5es para, por exemplo, mostrar-lhe produtos que visualizou recentemente<\/li><li>Localiza\u00e7\u00e3o, endere\u00e7o IP e tipo de browser: utilizaremos estas informa\u00e7\u00f5es para estimativas de impostos e envio<\/li><li>Endere\u00e7o de envio: pedimos-lhe que o introduza para, por exemplo, estimar os custos de envio antes de efetuar a encomenda e para lhe enviar o que comprou!<\/li><\/ul><p>Tamb\u00e9m utilizamos cookies para manter um registo do conte\u00fado do seu carrinho de compras enquanto navega no nosso site.<\/p><p>Nota: para mais informa\u00e7\u00f5es sobre a pol\u00edtica de cookies, ser\u00e1 remetido para a sec\u00e7\u00e3o aqui.<\/p><p>Quando nos faz uma compra, pedimos-lhe que forne\u00e7a informa\u00e7\u00f5es como o seu nome, endere\u00e7o de fatura\u00e7\u00e3o, endere\u00e7o de envio, endere\u00e7o de e-mail, n\u00famero de telefone, n\u00famero do cart\u00e3o de cr\u00e9dito\/detalhes de pagamento e informa\u00e7\u00f5es opcionais sobre a conta, como o seu nome de utilizador e palavra-passe. Utilizaremos estas informa\u00e7\u00f5es para fins como:<\/p><ul><li>Enviamos-lhe informa\u00e7\u00f5es sobre contas e encomendas<\/li><li>Respondemos aos seus pedidos, incluindo reclama\u00e7\u00f5es e reembolsos<\/li><li>Processamento de pagamentos e preven\u00e7\u00e3o de fraudes<\/li><li>Criar a sua conta na nossa loja<\/li><li>Cumprir todas as obriga\u00e7\u00f5es legais que nos incumbem, como o c\u00e1lculo de impostos<\/li><li>Melhorar as ofertas da nossa loja<\/li><li>Envio de mensagens de marketing, se o utilizador optar por receb\u00ea-las<\/li><\/ul><p>Se criar uma conta, guardamos o seu nome, endere\u00e7o, e-mail e n\u00famero de telefone: estes dados ser\u00e3o depois utilizados para preencher o checkout nas suas encomendas futuras.<\/p><p>Em geral, guardamos as informa\u00e7\u00f5es do utilizador enquanto for necess\u00e1rio para os fins para os quais as recolhemos e utilizamos e enquanto formos legalmente obrigados a continuar a guard\u00e1-las. Por exemplo, armazenamos informa\u00e7\u00f5es sobre encomendas durante XXX anos para fins fiscais e contabil\u00edsticos. Essas informa\u00e7\u00f5es incluem o nome, o endere\u00e7o de correio eletr\u00f3nico e os endere\u00e7os de fatura\u00e7\u00e3o e de envio.<\/p><p>Tamb\u00e9m arquivamos coment\u00e1rios e cr\u00edticas, se o utilizador decidir deix\u00e1-los connosco.<\/p><h2>Pessoas da nossa equipa que t\u00eam acesso<\/h2><p>Os membros da nossa equipa t\u00eam acesso \u00e0s informa\u00e7\u00f5es fornecidas pelo utilizador. Por exemplo, tanto os administradores como os diretores de loja t\u00eam acesso a:<\/p><ul><li>Informa\u00e7\u00f5es sobre a encomenda, tais como o artigo comprado, a data de compra e o local de expedi\u00e7\u00e3o e<\/li><li>Informa\u00e7\u00f5es do cliente, tais como o seu nome, endere\u00e7o de correio eletr\u00f3nico e informa\u00e7\u00f5es de fatura\u00e7\u00e3o e envio.<\/li><\/ul><p>Os membros da nossa equipa t\u00eam acesso a estas informa\u00e7\u00f5es para ajudar a satisfazer encomendas, processar reembolsos e prestar apoio ao utilizador.<\/p><h2>O que partilhamos com os outros<\/h2><p>Nesta sec\u00e7\u00e3o, deve indicar com quem partilha dados e com que finalidade. Isto pode incluir, mas n\u00e3o se limita a, an\u00e1lises, marketing, gateways de pagamento, fornecedores de transporte e incorpora\u00e7\u00f5es de terceiros.<\/p><p>Partilhamos informa\u00e7\u00f5es com terceiros que nos ajudam a fornecer servi\u00e7os de loja e a efetuar encomendas; por exemplo<\/p><h3>Pagamentos<\/h3><p>Nesta subsec\u00e7\u00e3o, deve indicar os processadores de pagamentos de terceiros que utiliza para efetuar pagamentos na sua loja, uma vez que estes podem tratar os dados dos clientes. Inclu\u00edmos o PayPal como exemplo, mas se n\u00e3o utilizar o PayPal, pode remov\u00ea-lo.<\/p><p>Aceitamos pagamentos atrav\u00e9s de PayPal. Durante o processamento do pagamento, determinados dados s\u00e3o transferidos para o PayPal, incluindo as informa\u00e7\u00f5es necess\u00e1rias para processar ou suportar o pagamento, como o total da compra e os dados de fatura\u00e7\u00e3o.<\/p><p>Para mais pormenores, ver o <a href=\"https:\/\/www.paypal.com\/us\/webapps\/mpp\/ua\/privacy-full\">Pol\u00edtica de privacidade do PayPal <\/a>.<\/p><h2>Complianz | O pacote de privacidade para WordPress<\/h2><p>Este s\u00edtio Web utiliza o WordPress Privacy Suite da Complianz para recolher e registar o consentimento com base nos navegadores e dispositivos. Para esta funcionalidade, o seu endere\u00e7o IP \u00e9 anonimizado e armazenado na nossa base de dados. Este servi\u00e7o n\u00e3o processa qualquer informa\u00e7\u00e3o pessoal identific\u00e1vel e n\u00e3o partilha quaisquer dados com o prestador de servi\u00e7os. Para mais informa\u00e7\u00f5es, consulte a sec\u00e7\u00e3o <a href=\"https:\/\/complianz.io\/legal\/privacy-statement\/\">Declara\u00e7\u00e3o de privacidade<\/a> de Complianz.<\/p><\/p><\/div>","protected":false},"excerpt":{"rendered":"","protected":false},"author":1,"featured_media":0,"parent":0,"menu_order":0,"comment_status":"closed","ping_status":"closed","template":"","meta":{"_seopress_robots_primary_cat":"","_seopress_titles_title":"Dichiarazione sulla Privacy UE: Tutela e Trasparenza","_seopress_titles_desc":"Scopri la nostra dichiarazione sulla privacy UE: trasparenza, protezione e sicurezza dei tuoi dati personali online.","_seopress_robots_index":"","footnotes":""},"class_list":["post-13803","page","type-page","status-publish","hentry"],"_links":{"self":[{"href":"https:\/\/steinex.com\/pt\/wp-json\/wp\/v2\/pages\/13803","targetHints":{"allow":["GET"]}}],"collection":[{"href":"https:\/\/steinex.com\/pt\/wp-json\/wp\/v2\/pages"}],"about":[{"href":"https:\/\/steinex.com\/pt\/wp-json\/wp\/v2\/types\/page"}],"author":[{"embeddable":true,"href":"https:\/\/steinex.com\/pt\/wp-json\/wp\/v2\/users\/1"}],"replies":[{"embeddable":true,"href":"https:\/\/steinex.com\/pt\/wp-json\/wp\/v2\/comments?post=13803"}],"version-history":[{"count":0,"href":"https:\/\/steinex.com\/pt\/wp-json\/wp\/v2\/pages\/13803\/revisions"}],"wp:attachment":[{"href":"https:\/\/steinex.com\/pt\/wp-json\/wp\/v2\/media?parent=13803"}],"curies":[{"name":"wp","href":"https:\/\/api.w.org\/{rel}","templated":true}]}}