{"id":142,"date":"2025-01-10T16:09:23","date_gmt":"2025-01-10T16:09:23","guid":{"rendered":"https:\/\/steinex.gtechgroup.support\/?page_id=142"},"modified":"2025-09-11T15:19:07","modified_gmt":"2025-09-11T15:19:07","slug":"certificacoes","status":"publish","type":"page","link":"https:\/\/steinex.com\/pt\/certificazioni\/","title":{"rendered":"Certifica\u00e7\u00f5es"},"content":{"rendered":"<div data-elementor-type=\"wp-page\" data-elementor-id=\"142\" class=\"elementor elementor-142\" data-elementor-post-type=\"page\">\n\t\t\t\t<div class=\"elementor-element elementor-element-f5dd832 e-flex e-con-boxed e-con e-parent\" data-id=\"f5dd832\" data-element_type=\"container\" data-e-type=\"container\" data-settings=\"{&quot;background_background&quot;:&quot;classic&quot;}\">\n\t\t\t\t\t<div class=\"e-con-inner\">\n\t\t<div class=\"elementor-element elementor-element-5dd9052 e-con-full e-flex e-con e-child\" data-id=\"5dd9052\" data-element_type=\"container\" data-e-type=\"container\" data-settings=\"{&quot;background_background&quot;:&quot;classic&quot;}\">\n\t\t\t\t<div class=\"elementor-element elementor-element-894e284 elementor-widget elementor-widget-heading\" data-id=\"894e284\" data-element_type=\"widget\" data-e-type=\"widget\" data-widget_type=\"heading.default\">\n\t\t\t\t\t<h2 class=\"elementor-heading-title elementor-size-default\">Certifica\u00e7\u00f5es<\/h2>\t\t\t\t<\/div>\n\t\t\t\t<div class=\"elementor-element elementor-element-6422c36 elementor-widget elementor-widget-hfe-breadcrumbs-widget\" data-id=\"6422c36\" data-element_type=\"widget\" data-e-type=\"widget\" data-widget_type=\"hfe-breadcrumbs-widget.default\">\n\t\t\t\t<div class=\"elementor-widget-container\">\n\t\t\t\t\t<nav aria-label=\"P\u00e3o ralado\"><ul class=\"hfe-breadcrumbs hfe-breadcrumbs-show-home\"><li class=\"hfe-breadcrumbs-item hfe-breadcrumbs-first\"><span class=\"hfe-breadcrumbs-home-icon\"><\/span><a href=\"https:\/\/steinex.com\/pt\"><span class=\"hfe-breadcrumbs-text\">In\u00edcio<\/span><\/a><\/li><\/ul><\/nav>\t\t\t\t<\/div>\n\t\t\t\t<\/div>\n\t\t\t\t<\/div>\n\t\t\t\t\t<\/div>\n\t\t\t\t<\/div>\n\t\t<div class=\"elementor-element elementor-element-53c6dd4 e-flex e-con-boxed e-con e-parent\" data-id=\"53c6dd4\" data-element_type=\"container\" data-e-type=\"container\">\n\t\t\t\t\t<div class=\"e-con-inner\">\n\t\t\t\t<div class=\"elementor-element elementor-element-0ddfa2f elementor-widget elementor-widget-text-editor\" data-id=\"0ddfa2f\" data-element_type=\"widget\" data-e-type=\"widget\" data-widget_type=\"text-editor.default\">\n\t\t\t\t\t\t\t\t\t<p data-start=\"104\" data-end=\"477\">A Steinex Srl possui uma estrutura e uma organiza\u00e7\u00e3o que sempre esteve atenta aos problemas da sa\u00fade e do ambiente de trabalho. Foi a primeira empresa da Prov\u00edncia de Trento a obter a certifica\u00e7\u00e3o OHSAS 18001 em 2005 e, em 2006, ganhou o 1\u00ba pr\u00e9mio de seguran\u00e7a no trabalho institu\u00eddo pelo Departamento de Pol\u00edticas Sociais da Prov\u00edncia Aut\u00f3noma de Trento.<\/p>\n<p data-start=\"479\" data-end=\"626\">Entre as v\u00e1rias patentes registadas ao longo dos anos, encontra-se a da <strong data-start=\"575\" data-end=\"623\">\"Sistema de seguran\u00e7a para prensas hidr\u00e1ulicas\".<\/strong>.<\/p>\n<p data-start=\"628\" data-end=\"1012\">A marca Steinex Srl foi igualmente premiada <strong data-start=\"680\" data-end=\"705\">Marca de m\u00e1quinas de m\u00e1rmore<\/strong>que distingue os fabricantes de m\u00e1quinas estritamente fabricadas em It\u00e1lia para <strong data-start=\"795\" data-end=\"820\">processamento de m\u00e1rmore<\/strong>. Os dados relevantes <strong data-start=\"834\" data-end=\"864\">Regulamentos de concess\u00e3o<\/strong> garante a originalidade e a proveni\u00eancia absolutas das produ\u00e7\u00f5es tecnol\u00f3gicas, em conformidade com requisitos t\u00e9cnicos, de produ\u00e7\u00e3o e regulamentares precisos.<\/p>\t\t\t\t\t\t\t\t<\/div>\n\t\t\t\t<div class=\"elementor-element elementor-element-1bf80b1 elementor-widget elementor-widget-gallery\" data-id=\"1bf80b1\" data-element_type=\"widget\" data-e-type=\"widget\" data-settings=\"{&quot;gallery_layout&quot;:&quot;justified&quot;,&quot;ideal_row_height&quot;:{&quot;unit&quot;:&quot;px&quot;,&quot;size&quot;:193,&quot;sizes&quot;:[]},&quot;gap&quot;:{&quot;unit&quot;:&quot;px&quot;,&quot;size&quot;:60,&quot;sizes&quot;:[]},&quot;lazyload&quot;:&quot;yes&quot;,&quot;ideal_row_height_tablet&quot;:{&quot;unit&quot;:&quot;px&quot;,&quot;size&quot;:150,&quot;sizes&quot;:[]},&quot;ideal_row_height_mobile&quot;:{&quot;unit&quot;:&quot;px&quot;,&quot;size&quot;:150,&quot;sizes&quot;:[]},&quot;gap_tablet&quot;:{&quot;unit&quot;:&quot;px&quot;,&quot;size&quot;:10,&quot;sizes&quot;:[]},&quot;gap_mobile&quot;:{&quot;unit&quot;:&quot;px&quot;,&quot;size&quot;:10,&quot;sizes&quot;:[]},&quot;content_hover_animation&quot;:&quot;fade-in&quot;}\" data-widget_type=\"gallery.default\">\n\t\t\t\t\t\t\t<div class=\"elementor-gallery__container\">\n\t\t\t\t\t\t\t<div class=\"e-gallery-item elementor-gallery-item elementor-animated-content\">\n\t\t\t\t\t<div class=\"e-gallery-image elementor-gallery-item__image\" data-thumbnail=\"https:\/\/steinex.com\/wp-content\/uploads\/2025\/01\/patented-400x284.jpg.webp\" data-width=\"400\" data-height=\"284\" aria-label=\"patented--400x284.jpg - Steinex\" role=\"img\" ><\/div>\n\t\t\t\t\t\t\t\t\t\t\t\t\t\t<\/div>\n\t\t\t\t\t\t\t<div class=\"e-gallery-item elementor-gallery-item elementor-animated-content\">\n\t\t\t\t\t<div class=\"e-gallery-image elementor-gallery-item__image\" data-thumbnail=\"https:\/\/steinex.com\/wp-content\/uploads\/2025\/01\/Member_of_CONFINDUSTRIA_MARMOMACCHINE.jpg.webp\" data-width=\"400\" data-height=\"177\" aria-label=\"Member_of_CONFINDUSTRIA_MARMOMACCHINE.jpg - Steinex\" role=\"img\" ><\/div>\n\t\t\t\t\t\t\t\t\t\t\t\t\t\t<\/div>\n\t\t\t\t\t\t\t<div class=\"e-gallery-item elementor-gallery-item elementor-animated-content\">\n\t\t\t\t\t<div class=\"e-gallery-image elementor-gallery-item__image\" data-thumbnail=\"https:\/\/steinex.com\/wp-content\/uploads\/2025\/01\/Trentino-Export.jpg.webp\" data-width=\"400\" data-height=\"223\" aria-label=\"Trentino-Export.jpg - Steinex\" role=\"img\" ><\/div>\n\t\t\t\t\t\t\t\t\t\t\t\t\t\t<\/div>\n\t\t\t\t\t\t\t<div class=\"e-gallery-item elementor-gallery-item elementor-animated-content\">\n\t\t\t\t\t<div class=\"e-gallery-image elementor-gallery-item__image\" data-thumbnail=\"https:\/\/steinex.com\/wp-content\/uploads\/2025\/01\/NATURAL-MEMEBER-1.jpg.webp\" data-width=\"155\" data-height=\"250\" aria-label=\"NATURAL-MEMEBER-1.jpg - Steinex\" role=\"img\" ><\/div>\n\t\t\t\t\t\t\t\t\t\t\t\t\t\t<\/div>\n\t\t\t\t\t\t\t<div class=\"e-gallery-item elementor-gallery-item elementor-animated-content\">\n\t\t\t\t\t<div class=\"e-gallery-image elementor-gallery-item__image\" data-thumbnail=\"https:\/\/steinex.com\/wp-content\/uploads\/2025\/01\/MARMO-MACCHINE2020.png\" data-width=\"225\" data-height=\"225\" aria-label=\"MARMO-MACCHINE2020 - Steinex\" role=\"img\" ><\/div>\n\t\t\t\t\t\t\t\t\t\t\t\t\t\t<\/div>\n\t\t\t\t\t<\/div>\n\t\t\t\t\t<\/div>\n\t\t\t\t\t<\/div>\n\t\t\t\t<\/div>\n\t\t\t\t<\/div>","protected":false},"excerpt":{"rendered":"<p>Certificazioni Home Steinex Srl vanta una struttura e un\u2019organizzazione da sempre attente ai problemi della salute e dell\u2019ambiente di lavoro. \u00c8 stata la prima azienda della Provincia di Trento a ottenere la certificazione OHSAS 18001 nel 2005 e, nel 2006, ha vinto il 1\u00b0 premio per la sicurezza sul lavoro istituito dall\u2019Assessorato alle Politiche Sociali [&hellip;]<\/p>\n","protected":false},"author":1,"featured_media":0,"parent":0,"menu_order":0,"comment_status":"closed","ping_status":"closed","template":"","meta":{"_seopress_robots_primary_cat":"","_seopress_titles_title":"Steinex Srl: certificazioni e sicurezza sul lavoro","_seopress_titles_desc":"Scopri le certificazioni di Steinex Srl, eccellenza in sicurezza sul lavoro e tecnologie italiane per la lavorazione del marmo.","_seopress_robots_index":"","footnotes":""},"class_list":["post-142","page","type-page","status-publish","hentry"],"_links":{"self":[{"href":"https:\/\/steinex.com\/pt\/wp-json\/wp\/v2\/pages\/142","targetHints":{"allow":["GET"]}}],"collection":[{"href":"https:\/\/steinex.com\/pt\/wp-json\/wp\/v2\/pages"}],"about":[{"href":"https:\/\/steinex.com\/pt\/wp-json\/wp\/v2\/types\/page"}],"author":[{"embeddable":true,"href":"https:\/\/steinex.com\/pt\/wp-json\/wp\/v2\/users\/1"}],"replies":[{"embeddable":true,"href":"https:\/\/steinex.com\/pt\/wp-json\/wp\/v2\/comments?post=142"}],"version-history":[{"count":0,"href":"https:\/\/steinex.com\/pt\/wp-json\/wp\/v2\/pages\/142\/revisions"}],"wp:attachment":[{"href":"https:\/\/steinex.com\/pt\/wp-json\/wp\/v2\/media?parent=142"}],"curies":[{"name":"wp","href":"https:\/\/api.w.org\/{rel}","templated":true}]}}