{"id":14366,"date":"2025-02-12T14:54:39","date_gmt":"2025-02-12T14:54:39","guid":{"rendered":"https:\/\/steinex.gtechgroup.support\/?post_type=product&#038;p=14366"},"modified":"2025-02-12T14:55:33","modified_gmt":"2025-02-12T14:55:33","slug":"oferta-especial-pouco-utilizado-durante-apenas-um-ano-com-um-numero-minimo-de-horas-de-funcionamento","status":"publish","type":"product","link":"https:\/\/steinex.com\/pt\/prodotto\/special-offer-barely-used-for-just-one-year-with-minimal-operating-hours\/","title":{"rendered":"OFERTA ESPECIAL Pouco utilizado durante apenas um ano, com um n\u00famero m\u00ednimo de horas de funcionamento."},"content":{"rendered":"<p>OFERTA ESPECIAL<\/p>\n<p>Barely used for just one year, with minimal operating hours. A unique opportunity<\/p>\n<p>Linha MENHIR SHERPA 1000 X800 320T BTD BTS:<\/p>\n<p>L\u00e2mina 1000 mm, abertura 1295 mm.<\/p>\n<p>800 mm altura m\u00e1xima de separa\u00e7\u00e3o<\/p>\n<p>Press\u00e3o m\u00e1xima de separa\u00e7\u00e3o de 320 toneladas<\/p>\n<p>2 transportadores com 3000 mm de comprimento X 1000 mm de largura<\/p>\n<p>ANO DE PRODU\u00c7\u00c3O: 2022<\/p>\n<p>&nbsp;<\/p>\n<p><img alt=\"splitting machine - Steinex\" fetchpriority=\"high\" decoding=\"async\" class=\"alignnone size-medium wp-image-13737\" src=\"https:\/\/steinex.com\/wp-content\/uploads\/2023\/07\/splitting-machine-225x300.jpg\" width=\"225\" height=\"300\" srcset=\"https:\/\/steinex.com\/wp-content\/uploads\/2023\/07\/splitting-machine-225x300.jpg 225w, https:\/\/steinex.com\/wp-content\/uploads\/2023\/07\/splitting-machine.jpg 600w\" sizes=\"(max-width: 225px) 100vw, 225px\" \/> <img alt=\"steinex machine\" decoding=\"async\" class=\"alignnone size-medium wp-image-13744\" src=\"https:\/\/steinex.com\/wp-content\/uploads\/2023\/07\/steinex-machine-225x300.jpg\" width=\"225\" height=\"300\" srcset=\"https:\/\/steinex.com\/wp-content\/uploads\/2023\/07\/steinex-machine-225x300.jpg 225w, https:\/\/steinex.com\/wp-content\/uploads\/2023\/07\/steinex-machine.jpg 600w\" sizes=\"(max-width: 225px) 100vw, 225px\" \/> <img alt=\"steinex\" decoding=\"async\" class=\"alignnone size-medium wp-image-13751\" src=\"https:\/\/steinex.com\/wp-content\/uploads\/2023\/07\/steinex-225x300.jpg\" width=\"225\" height=\"300\" srcset=\"https:\/\/steinex.com\/wp-content\/uploads\/2023\/07\/steinex-225x300.jpg 225w, https:\/\/steinex.com\/wp-content\/uploads\/2023\/07\/steinex.jpg 600w\" sizes=\"(max-width: 225px) 100vw, 225px\" \/><\/p>","protected":false},"excerpt":{"rendered":"<p>OFERTA ESPECIAL - Pouco utilizado durante apenas um ano, com um n\u00famero m\u00ednimo de horas de funcionamento. Uma oportunidade \u00fanica<\/p>","protected":false},"featured_media":14386,"comment_status":"closed","ping_status":"closed","template":"","meta":{"_seopress_robots_primary_cat":"59","_seopress_titles_title":"Offerta Speciale: Utensili Usati Pochissimo","_seopress_titles_desc":"Offerta Speciale Steinex: utensili usati pochissimo, solo un anno di utilizzo. Qualit\u00e0 garantita a prezzo vantaggioso.","_seopress_robots_index":""},"product_brand":[],"product_cat":[27,20],"product_tag":[],"class_list":{"0":"post-14366","1":"product","2":"type-product","3":"status-publish","4":"has-post-thumbnail","6":"product_cat-macchine-usate-spacco","7":"product_cat-accessori","9":"first","10":"instock","11":"shipping-taxable","12":"product-type-simple"},"_links":{"self":[{"href":"https:\/\/steinex.com\/pt\/wp-json\/wp\/v2\/product\/14366","targetHints":{"allow":["GET"]}}],"collection":[{"href":"https:\/\/steinex.com\/pt\/wp-json\/wp\/v2\/product"}],"about":[{"href":"https:\/\/steinex.com\/pt\/wp-json\/wp\/v2\/types\/product"}],"replies":[{"embeddable":true,"href":"https:\/\/steinex.com\/pt\/wp-json\/wp\/v2\/comments?post=14366"}],"wp:featuredmedia":[{"embeddable":true,"href":"https:\/\/steinex.com\/pt\/wp-json\/wp\/v2\/media\/14386"}],"wp:attachment":[{"href":"https:\/\/steinex.com\/pt\/wp-json\/wp\/v2\/media?parent=14366"}],"wp:term":[{"taxonomy":"product_brand","embeddable":true,"href":"https:\/\/steinex.com\/pt\/wp-json\/wp\/v2\/product_brand?post=14366"},{"taxonomy":"product_cat","embeddable":true,"href":"https:\/\/steinex.com\/pt\/wp-json\/wp\/v2\/product_cat?post=14366"},{"taxonomy":"product_tag","embeddable":true,"href":"https:\/\/steinex.com\/pt\/wp-json\/wp\/v2\/product_tag?post=14366"}],"curies":[{"name":"wp","href":"https:\/\/api.w.org\/{rel}","templated":true}]}}